{"id":7160,"date":"2019-10-04T15:59:54","date_gmt":"2019-10-04T13:59:54","guid":{"rendered":"https:\/\/www.euroregion-naen.eu\/leuroregion\/plan-estrategic-2014-2020\/economie-de-la-connaissance\/"},"modified":"2020-02-19T15:20:31","modified_gmt":"2020-02-19T14:20:31","slug":"economia-de-la-coneissenca","status":"publish","type":"page","link":"https:\/\/www.euroregion-naen.eu\/occ\/leuroregion\/plan-estrategic-2014-2020\/economia-de-la-coneissenca\/","title":{"rendered":"Economia de la coneissen\u00e7a, Innovacion e Competitivitat de las Entrepresas"},"content":{"rendered":"<p>Avan\u00e7ar cap a una economia de la coneissen\u00e7a, melhorar la competitivitat e la dobertura de nov\u00e8ls mercats de las entrepresas, estimular la cooperacion entre aquelas\u2026 Acompanhar lo sistema educatiu e l\u2019ensemble de los centres de rec\u00e8rca e d\u2019innovacion de l\u2019Euroregion\u2026 Aquelas son aic\u00ed las prioritats de l\u2019Euroregion.<\/p>\n<p>L\u2019objectiu de la Estrategia es doncas melhorar la coneissen\u00e7a mutuala e la comunicacion entre les entrepresas de las tres regions, atal coma entre totes los actors e los facilitators de la rec\u00e8rca e del desvolopament, l\u2019innovacion tecnologica (desvolopament de start-ups transfronter\u00e8rs), la formacion (aprendissatge e universitats) e l&#8217;emplec.<\/p>\n<h2>L\u2019Euroregion agit sus 3 linhas d\u2019accion<\/h2>\n<h3>Rec\u00e8rca-Innovacion Desvolopament economic<\/h3>\n<p>6 sectors-clau son estat identificats :<\/p>\n<ul>\n<li>Aeronautica, aerospaciala, fabricacion avan\u00e7ada e automobila<\/li>\n<li>Santat\/Bio-santat, silver-economy<\/li>\n<li>Agricultura e industria agroaliment\u00e0ria<\/li>\n<li>Construccion durable, bo\u00e8s<\/li>\n<li>Energias renovelablas<\/li>\n<li>Ressor\u00e7as marinas e del litoral<\/li>\n<\/ul>\n<p>Es dins aqueles domenis que desiram crear cadenas de valor euroregionalas a trav\u00e8rs la <a href=\"https:\/\/www.euroregion-naen.eu\/occ\/projectes\/crida-de-projectes-economia-de-la-coneissenca\/\">Crida de proj\u00e8ctes \u00ab Economia de la Coneissen\u00e7a \u00bb.<\/a><\/p>\n<p>La n\u00f2stra volontat d\u2019afortir la coesion economica e sociala de l\u2019espaci transfronter\u00e8r se fa tanben pel biais de las <strong>alian\u00e7as estrategicas : COMPETITIV\u2019EKO<\/strong> que prepausa d\u2019estructurar 3 p\u00f2ls transfronter\u00e8rs (BIG DATA, INNOV\u2019MEDICA e ADDITIVALLEY) e <strong>l\u2019alian\u00e7a menada per las Cambras de com\u00e8rci de las 3 regions<\/strong> botant l\u2019accent sus l&#8217;internacionalizacion de proximitat.<\/p>\n<h3>Emplec<\/h3>\n<p>Desiram desvolopar un bacin d\u2019emplec euroregional, qu\u2019entend far de las 3 regions una z\u00f2na dinamica d&#8217;oportunitat economica tan per les entrepresas coma per la populacion activa.<\/p>\n<p>Per aqu\u00f2, av\u00e8m desvolopat lo <strong>proj\u00e8cte europ\u00e8u <a href=\"https:\/\/www.euroregion-naen.eu\/occ\/projectes\/los-nostres-dispositius\/empleo\/\">EMPLEO AE<\/a><\/strong> visant a analisar la realitat de l\u2019emplec transfronter\u00e8r (diagnostic) e alimentam un portal d\u2019informacion que recampa totas las informacions utilas tan plan pel teissut de las entrepresas coma pels trabalhaires e demandaires d&#8217;emplec. En parall\u00e8l, impulsam una collaboracion mai estrecha amb las administracions visant a redusir las barri\u00e8ras existentas, e organizam talhi\u00e8rs e jornadas d\u2019informacion sus la tematica de l&#8217;emplec transfronter\u00e8r.<\/p>\n<h3>Ensenhament superior e formacion professionala<\/h3>\n<p>Trabalham per donar un nov\u00e8l vam a la cooperacion entre las universitats, los centres de formacion professionala e autres actors del domeni de l&#8217;innovacion.<\/p>\n<p>Perseguiss\u00e8m una politica visant a afortir las alian\u00e7as entre las 11 universitats del territ\u00f2ri. A fin d\u2019afavorir e sost\u00e9ner la mobilitat estudianta transfronter\u00e8ra es estat mes en pla\u00e7a un dispositiu \u00ab <strong>borsa euroregionala<\/strong> \u00bb, que permet als estudiants universitaris completar lor borsa Erasmus. D\u2019un autre costat, l\u2019alian\u00e7a constituida amb <strong>EUSKAMPUS\/Universitat Bord\u00e8u<\/strong> nos guida cap a l\u2019estructuracion d\u2019un campus euroregional.<\/p>\n<p>Dins l\u2019encastre de la formacion professionala, perseguiss\u00e8m accions visant a desvolopar una cooperacion solida, e durabla entre los Centres de Formacion Professionala, identificant los obstacles e las atentas del public visat. Una cartografia euroregionala es estat creada al sen de l\u2019alian\u00e7a estrategica <strong>CoP Transfrontaliera<\/strong> e trabalham per dinamizar la mobilitat transfronter\u00e8ra dels estudiants a trav\u00e8rs l\u2019alian\u00e7a estrategica <strong>KOMPAR<\/strong> e mai per mejan de la <a href=\"https:\/\/www.euroregion-naen.eu\/occ\/projectes\/crida-de-projectes-ciutadanetat-euroregionala\/\">Crida de proj\u00e8ctes \u00ab Ciutadanetat euroregionala \u00bb.<\/a><\/p>\n<p>Lo proj\u00e8cte <strong>POCTEFA FORMA-NAEN<\/strong> visa a desvolopar una of\u00e8rta de formacion professionala transfronter\u00e8ra.<\/p>\n","protected":false},"excerpt":{"rendered":"<p>Avan\u00e7ar cap a una economia de la coneissen\u00e7a, melhorar la competitivitat e la dobertura de nov\u00e8ls mercats de las entrepresas, estimular la cooperacion entre aquelas\u2026 Acompanhar lo sistema educatiu e l\u2019ensemble de los centres de rec\u00e8rca e d\u2019innovacion de l\u2019Euroregion\u2026 Aquelas son aic\u00ed las prioritats de l\u2019Euroregion. L\u2019objectiu de la Estrategia es doncas melhorar la [&hellip;]<\/p>\n","protected":false},"author":15,"featured_media":7161,"parent":7104,"menu_order":0,"comment_status":"closed","ping_status":"closed","template":"","meta":{"_acf_changed":false,"footnotes":""},"class_list":["post-7160","page","type-page","status-publish","has-post-thumbnail","hentry"],"acf":[],"_links":{"self":[{"href":"https:\/\/www.euroregion-naen.eu\/occ\/wp-json\/wp\/v2\/pages\/7160","targetHints":{"allow":["GET"]}}],"collection":[{"href":"https:\/\/www.euroregion-naen.eu\/occ\/wp-json\/wp\/v2\/pages"}],"about":[{"href":"https:\/\/www.euroregion-naen.eu\/occ\/wp-json\/wp\/v2\/types\/page"}],"author":[{"embeddable":true,"href":"https:\/\/www.euroregion-naen.eu\/occ\/wp-json\/wp\/v2\/users\/15"}],"replies":[{"embeddable":true,"href":"https:\/\/www.euroregion-naen.eu\/occ\/wp-json\/wp\/v2\/comments?post=7160"}],"version-history":[{"count":0,"href":"https:\/\/www.euroregion-naen.eu\/occ\/wp-json\/wp\/v2\/pages\/7160\/revisions"}],"up":[{"embeddable":true,"href":"https:\/\/www.euroregion-naen.eu\/occ\/wp-json\/wp\/v2\/pages\/7104"}],"wp:featuredmedia":[{"embeddable":true,"href":"https:\/\/www.euroregion-naen.eu\/occ\/wp-json\/wp\/v2\/media\/7161"}],"wp:attachment":[{"href":"https:\/\/www.euroregion-naen.eu\/occ\/wp-json\/wp\/v2\/media?parent=7160"}],"curies":[{"name":"wp","href":"https:\/\/api.w.org\/{rel}","templated":true}]}}