{"id":7098,"date":"2019-10-10T17:52:49","date_gmt":"2019-10-10T15:52:49","guid":{"rendered":"https:\/\/www.euroregion-naen.eu\/leuroregion\/qu-est-ce-que-euroregion\/"},"modified":"2024-03-14T12:00:16","modified_gmt":"2024-03-14T11:00:16","slug":"qu-es-leuroregion","status":"publish","type":"page","link":"https:\/\/www.euroregion-naen.eu\/occ\/leuroregion\/qu-es-leuroregion\/","title":{"rendered":"Qu\u2019es l\u2019Euroregion ?"},"content":{"rendered":"<p>Lo GECT Euroregion Nov\u00e8la Aquit\u00e0nia Euskadi Navarra qu&#8217;ei un Gropament Europ\u00e8u de Cooperacion Territoriau creat lo 12 de deceme de 2011 . Qu&#8217;a per mira de prom\u00f2ver lo desvolopament economic, sociau e culturau deu territ\u00f2ri transfrontal\u00e8r e euroregionau en favorizant los escambis au son sen.<\/p>\n<p>Nov\u00e8la-Aquit\u00e0nia, Bascoat, Navarra, l\u2019Euroregion* :<\/p>\n<ul>\n<li>un territ\u00f2ri de 101 678 km\u00b2,<\/li>\n<li>una populacion de 8 744 648 d\u2019abitant.a.s,<\/li>\n<li>3 541 000 emplecs,<\/li>\n<li>486 176 entrepresas,<\/li>\n<li>1 781 141 estudiant.a.s.<\/li>\n<\/ul>\n<p><em>* Darri\u00e8ra actualizacion de las donadas : 2017<br \/>\n<\/em><\/p>\n<p>Nov\u00e8la-Aquit\u00e0nia, Bascoat, Navarra, una Euroregion, dos pa\u00efses, tres lengas de trabalh, lo basco, l\u2019espanh\u00f2l e lo franc\u00e9s. Aquel multiling\u00fcisme permet a cadun.a d\u2019escambiar, de partejar, d\u2019aprene e de se connectar.<\/p>\n<p>Nov\u00e8la-Aquit\u00e0nia, Bascoat, Navarra, una accion, un esperit, una ambicion : far de l\u2019Euroregion un territ\u00f2ri que conjuga proximitat e dist\u00e0ncia per facilitar lo quotidian dels ciutadans.e.s al niv\u00e8l local e regional, participant a la melhora de lors condicions de vida aic\u00ed, ara, e per deman.<\/p>\n<p><img loading=\"lazy\" decoding=\"async\" class=\"aligncenter wp-image-16903 size-full\" src=\"https:\/\/www.euroregion-naen.eu\/wp-content\/uploads\/2024\/03\/diseno-sin-titulo-1.png\" alt=\"Mapa Eurorregi\u00f3n 2024\" width=\"1587\" height=\"2245\" srcset=\"https:\/\/www.euroregion-naen.eu\/wp-content\/uploads\/2024\/03\/diseno-sin-titulo-1.png 1587w, https:\/\/www.euroregion-naen.eu\/wp-content\/uploads\/2024\/03\/diseno-sin-titulo-1-212x300.png 212w, https:\/\/www.euroregion-naen.eu\/wp-content\/uploads\/2024\/03\/diseno-sin-titulo-1-724x1024.png 724w, https:\/\/www.euroregion-naen.eu\/wp-content\/uploads\/2024\/03\/diseno-sin-titulo-1-768x1086.png 768w, https:\/\/www.euroregion-naen.eu\/wp-content\/uploads\/2024\/03\/diseno-sin-titulo-1-1086x1536.png 1086w, https:\/\/www.euroregion-naen.eu\/wp-content\/uploads\/2024\/03\/diseno-sin-titulo-1-1448x2048.png 1448w, https:\/\/www.euroregion-naen.eu\/wp-content\/uploads\/2024\/03\/diseno-sin-titulo-1-182x258.png 182w\" sizes=\"auto, (max-width: 1587px) 100vw, 1587px\" \/><\/p>\n<p>&nbsp;<\/p>\n","protected":false},"excerpt":{"rendered":"<p>Lo GECT Euroregion Nov\u00e8la Aquit\u00e0nia Euskadi Navarra qu&#8217;ei un Gropament Europ\u00e8u de Cooperacion Territoriau creat lo 12 de deceme de 2011 . Qu&#8217;a per mira de prom\u00f2ver lo desvolopament economic, sociau e culturau deu territ\u00f2ri transfrontal\u00e8r e euroregionau en favorizant los escambis au son sen. Nov\u00e8la-Aquit\u00e0nia, Bascoat, Navarra, l\u2019Euroregion* : un territ\u00f2ri de 101 678 [&hellip;]<\/p>\n","protected":false},"author":15,"featured_media":7100,"parent":7074,"menu_order":0,"comment_status":"closed","ping_status":"closed","template":"","meta":{"_acf_changed":false,"footnotes":""},"class_list":["post-7098","page","type-page","status-publish","has-post-thumbnail","hentry"],"acf":[],"_links":{"self":[{"href":"https:\/\/www.euroregion-naen.eu\/occ\/wp-json\/wp\/v2\/pages\/7098","targetHints":{"allow":["GET"]}}],"collection":[{"href":"https:\/\/www.euroregion-naen.eu\/occ\/wp-json\/wp\/v2\/pages"}],"about":[{"href":"https:\/\/www.euroregion-naen.eu\/occ\/wp-json\/wp\/v2\/types\/page"}],"author":[{"embeddable":true,"href":"https:\/\/www.euroregion-naen.eu\/occ\/wp-json\/wp\/v2\/users\/15"}],"replies":[{"embeddable":true,"href":"https:\/\/www.euroregion-naen.eu\/occ\/wp-json\/wp\/v2\/comments?post=7098"}],"version-history":[{"count":0,"href":"https:\/\/www.euroregion-naen.eu\/occ\/wp-json\/wp\/v2\/pages\/7098\/revisions"}],"up":[{"embeddable":true,"href":"https:\/\/www.euroregion-naen.eu\/occ\/wp-json\/wp\/v2\/pages\/7074"}],"wp:featuredmedia":[{"embeddable":true,"href":"https:\/\/www.euroregion-naen.eu\/occ\/wp-json\/wp\/v2\/media\/7100"}],"wp:attachment":[{"href":"https:\/\/www.euroregion-naen.eu\/occ\/wp-json\/wp\/v2\/media?parent=7098"}],"curies":[{"name":"wp","href":"https:\/\/api.w.org\/{rel}","templated":true}]}}