{"id":7065,"date":"2019-10-04T16:01:49","date_gmt":"2019-10-04T14:01:49","guid":{"rendered":"https:\/\/www.euroregion-naen.eu\/?page_id=7065"},"modified":"2020-02-19T15:26:44","modified_gmt":"2020-02-19T14:26:44","slug":"empleo","status":"publish","type":"page","link":"https:\/\/www.euroregion-naen.eu\/occ\/projectes\/los-nostres-dispositius\/empleo\/","title":{"rendered":"Empleo"},"content":{"rendered":"<p>La mobilitat professionala es un vertadi\u00e8r enj\u00f2c pels abitant.a.s de l\u2019Euroregion e lo dinamisme del territ\u00f2ri. Drech del trabalh ? Fiscalitat ? Proteccion sociala ? Viure aic\u00ed, trabalhar aval, coss\u00ed far ? EMPLEO respond a totas aquelas questions e vos permet d\u2019espandir la v\u00f2stra rec\u00e8rca d\u2019emplec a l\u2019ensemble del territ\u00f2ri de l\u2019Euror\u00e9gion.<\/p>\n<p><img loading=\"lazy\" decoding=\"async\" class=\"aligncenter wp-image-1359\" src=\"https:\/\/www.euroregion-naen.eu\/wp-content\/uploads\/2019\/10\/web-site-empleo2-1024x500.jpg\" alt=\"\" width=\"800\" height=\"391\" srcset=\"https:\/\/www.euroregion-naen.eu\/wp-content\/uploads\/2019\/10\/web-site-empleo2-1024x500.jpg 1024w, https:\/\/www.euroregion-naen.eu\/wp-content\/uploads\/2019\/10\/web-site-empleo2-300x146.jpg 300w, https:\/\/www.euroregion-naen.eu\/wp-content\/uploads\/2019\/10\/web-site-empleo2-768x375.jpg 768w, https:\/\/www.euroregion-naen.eu\/wp-content\/uploads\/2019\/10\/web-site-empleo2.jpg 1700w\" sizes=\"auto, (max-width: 800px) 100vw, 800px\" \/><\/p>\n<p style=\"text-align: center;\">Proj\u00e8cte cofinan\u00e7at pel Fons Europ\u00e8u de Desvolopament Regional (FEDER)<\/p>\n<p><a href=\"https:\/\/www.euroregion-naen.eu\/wp-content\/uploads\/2019\/11\/logo-poctefa.svg\"><img loading=\"lazy\" decoding=\"async\" class=\"alignnone size-medium wp-image-3254\" src=\"https:\/\/www.euroregion-naen.eu\/wp-content\/uploads\/2019\/11\/logo-poctefa.svg\" alt=\"\" width=\"1\" height=\"1\" \/><\/a><img loading=\"lazy\" decoding=\"async\" class=\"alignnone size-medium wp-image-3254\" src=\"https:\/\/www.euroregion-naen.eu\/wp-content\/uploads\/2019\/11\/logo-poctefa.svg\" alt=\"\" width=\"1\" height=\"1\" \/><img loading=\"lazy\" decoding=\"async\" class=\"aligncenter wp-image-3258 size-full\" src=\"https:\/\/www.euroregion-naen.eu\/wp-content\/uploads\/2019\/11\/logo-poctefa.png\" alt=\"\" width=\"633\" height=\"158\" srcset=\"https:\/\/www.euroregion-naen.eu\/wp-content\/uploads\/2019\/11\/logo-poctefa.png 633w, https:\/\/www.euroregion-naen.eu\/wp-content\/uploads\/2019\/11\/logo-poctefa-300x75.png 300w\" sizes=\"auto, (max-width: 633px) 100vw, 633px\" \/><\/p>\n<p>&nbsp;<\/p>\n<p>&nbsp;<\/p>\n","protected":false},"excerpt":{"rendered":"<p>La mobilitat professionala es un vertadi\u00e8r enj\u00f2c pels abitant.a.s de l\u2019Euroregion e lo dinamisme del territ\u00f2ri. Drech del trabalh ? Fiscalitat ? Proteccion sociala ? Viure aic\u00ed, trabalhar aval, coss\u00ed far ? EMPLEO respond a totas aquelas questions e vos permet d\u2019espandir la v\u00f2stra rec\u00e8rca d\u2019emplec a l\u2019ensemble del territ\u00f2ri de l\u2019Euror\u00e9gion. Proj\u00e8cte cofinan\u00e7at pel [&hellip;]<\/p>\n","protected":false},"author":15,"featured_media":7073,"parent":7057,"menu_order":0,"comment_status":"closed","ping_status":"closed","template":"","meta":{"_acf_changed":false,"footnotes":""},"class_list":["post-7065","page","type-page","status-publish","has-post-thumbnail","hentry"],"acf":[],"_links":{"self":[{"href":"https:\/\/www.euroregion-naen.eu\/occ\/wp-json\/wp\/v2\/pages\/7065","targetHints":{"allow":["GET"]}}],"collection":[{"href":"https:\/\/www.euroregion-naen.eu\/occ\/wp-json\/wp\/v2\/pages"}],"about":[{"href":"https:\/\/www.euroregion-naen.eu\/occ\/wp-json\/wp\/v2\/types\/page"}],"author":[{"embeddable":true,"href":"https:\/\/www.euroregion-naen.eu\/occ\/wp-json\/wp\/v2\/users\/15"}],"replies":[{"embeddable":true,"href":"https:\/\/www.euroregion-naen.eu\/occ\/wp-json\/wp\/v2\/comments?post=7065"}],"version-history":[{"count":0,"href":"https:\/\/www.euroregion-naen.eu\/occ\/wp-json\/wp\/v2\/pages\/7065\/revisions"}],"up":[{"embeddable":true,"href":"https:\/\/www.euroregion-naen.eu\/occ\/wp-json\/wp\/v2\/pages\/7057"}],"wp:featuredmedia":[{"embeddable":true,"href":"https:\/\/www.euroregion-naen.eu\/occ\/wp-json\/wp\/v2\/media\/7073"}],"wp:attachment":[{"href":"https:\/\/www.euroregion-naen.eu\/occ\/wp-json\/wp\/v2\/media?parent=7065"}],"curies":[{"name":"wp","href":"https:\/\/api.w.org\/{rel}","templated":true}]}}