{"id":7760,"date":"2020-02-26T15:25:11","date_gmt":"2020-02-26T14:25:11","guid":{"rendered":"https:\/\/www.euroregion-naen.eu\/?page_id=7760"},"modified":"2020-03-12T15:18:04","modified_gmt":"2020-03-12T14:18:04","slug":"forma-naen","status":"publish","type":"page","link":"https:\/\/www.euroregion-naen.eu\/eu\/proiektuak\/dispositiboak\/forma-naen\/","title":{"rendered":"Forma NAEN"},"content":{"rendered":"<p><strong>Forma NAEN egitasmoaren<\/strong> erronka eta jomuga eskumenak biltzea da, mugaren alde bietan aitortzen direna batzea.<\/p>\n<p>Euroeskualdean eskulan gutxien duten sektoreen mugikortasuna eta lanbideratzea sustatzea du helburu Forma NAEN mugaz gaindiko proiektuak, horretarako, bertako errealitatera egokituriko eskaintza kualifikatu eta zehatza garatuz.<\/p>\n<p>Proiektu honek 4 ekintza gauzatuko ditu zehazki:<\/p>\n<ul>\n<li><strong>Administrazio-kudeaketarako mugaz gaindiko modulua<\/strong>. Modulu bat diseinatuko da hiru eskualdeetako legedi eta merkataritza araudietan aditu diren profesionalak formatzeko eta eskualde horietako lan eta merkataritza harremanak sustatu eta bideratzeko.<\/li>\n<li><strong>Eskumenen balioespena eta formazioen zertifikazioa.<\/strong> Automobilgintza sektoreko lanbideratzea indartu eta baliokidetasunak ikertu eta aztertuko dira; formazio-esperientzia pilotu bat garatuko da tituluak eta eskumenak balioetsi eta mugikortasuna ziurtatzeko.<\/li>\n<li><strong>Hizkuntza teknikoaren ikaskuntza.<\/strong> Hizkuntza ezberdinetako hiztegi teknikoaz jabetzeko ikastaroa diseinatu eta sortuko da, administrazio-kudeaketa eta automobilgintza alorretarako.<\/li>\n<li>Partaide diren zentroetako ikasle eta irakasleentzako <strong>sentsibilizazio ekintza<\/strong> anitzak. Ikasleei dagokienez, Euroeskualdeko garapen profesionalaren aukerak aztertuko dira. Irakasleei begira, aldiz, zeharkako lerroak landuko dira eta aukera-berdintasuna nahiz garapen jasangarria ikertuko dira, praktika onen jardunaldien bidez.<\/li>\n<\/ul>\n<p>Hizkuntza teknikoaren ikaskuntza. Hizkuntza ezberdinetako hiztegi teknikoaz jabetzeko ikastaroa diseinatu eta sortuko da, administrazio-kudeaketa eta automobilgintza alorretarako.<\/p>\n<p>Partaide diren zentroetako ikasle eta irakasleentzako sentsibilizazio ekintza anitzak. Ikasleei dagokienez, Euroeskualdeko garapen profesionalaren aukerak aztertuko dira. Irakasleei begira, aldiz, zeharkako lerroak landuko dira eta aukera-berdintasuna nahiz garapen jasangarria ikertuko dira, praktika onen jardunaldien bidez.<br \/>\nForma NAEN izeneko proiektu hau &#8211; \u00ab Euroeskualdeko lan merkatuan lanbideratzeko mugaz gaindiko formazioaren garapena \u00bb &#8211; <a href=\"https:\/\/www.poctefa.eu\/\" target=\"_blank\" rel=\"noopener noreferrer\">INTERREG POCTEFA<\/a> (<a href=\"https:\/\/ec.europa.eu\/regional_policy\/fr\/\" target=\"_blank\" rel=\"noopener noreferrer\">DG REGIO<\/a>) deialdiak hautatu eta diruz lagunduriko europar proiektua da, proiektuaren %65 europar funtsek finantzatzen dute eta 746.875,68 euroko aurrekontua du, zergak barne. POCTEFA proiektuak Espainia-Frantzia-Andorra inguruko integrazio ekonomikoa eta gizarteratzea indartzea ditu helburu. Mugaz gaindiko ekonomia, gizartea eta ingurumenari zuzenduriko ekintzak babesten ditu, lurraldearen garapen jasangarria sustatzeko estrategia komunen bidez.<br \/>\nAkitania Berria Euskadi Nafarroa Euroeskualdea, Chambre des M\u00e9tiers et de l\u2019Artisanat des Pyr\u00e9n\u00e9es Atlantiques, Nafarroako Gobernuko Hezkuntza Saila, ZubiGune Fundazioa, CIFP Usurbil LHII, Ikaslan Gipuzkoa, TKNIKA eta Chambre R\u00e9gionale de M\u00e9tiers et de l\u2019Artisanat de Nouvelle-Aquitaine erakundeek osaturiko partzuergoak bideratzen du proiektua. Horiez gain, Lyc\u00e9e des m\u00e9tiers Paul Bert, LGT Saint Dominique, Lyc\u00e9e Louis de Foix, Plaiaundi, Don Bosco, CIP Elizondo Lanbide Eskola IIP, CIP Donapea, CI Virgen del Camino eta IVAC erakundea ere proiektuko partaide dira.<\/p>\n<p style=\"text-align: center\">Eskualde Garapenerako Europako Funtsak (EGEF) kofinantzatutako proiektua.<\/p>\n<p><img loading=\"lazy\" decoding=\"async\" class=\"aligncenter size-full wp-image-7755\" src=\"https:\/\/www.euroregion-naen.eu\/wp-content\/uploads\/2020\/02\/image2_eus_800pxl.jpg\" alt=\"\" width=\"800\" height=\"501\" srcset=\"https:\/\/www.euroregion-naen.eu\/wp-content\/uploads\/2020\/02\/image2_eus_800pxl.jpg 800w, https:\/\/www.euroregion-naen.eu\/wp-content\/uploads\/2020\/02\/image2_eus_800pxl-300x188.jpg 300w, https:\/\/www.euroregion-naen.eu\/wp-content\/uploads\/2020\/02\/image2_eus_800pxl-768x481.jpg 768w\" sizes=\"auto, (max-width: 800px) 100vw, 800px\" \/><\/p>\n<p>&nbsp;<\/p>\n","protected":false},"excerpt":{"rendered":"<p>Forma NAEN egitasmoaren erronka eta jomuga eskumenak biltzea da, mugaren alde bietan aitortzen direna batzea. Euroeskualdean eskulan gutxien duten sektoreen mugikortasuna eta lanbideratzea sustatzea du helburu Forma NAEN mugaz gaindiko proiektuak, horretarako, bertako errealitatera egokituriko eskaintza kualifikatu eta zehatza garatuz. Proiektu honek 4 ekintza gauzatuko ditu zehazki: Administrazio-kudeaketarako mugaz gaindiko modulua. Modulu bat diseinatuko da [&hellip;]<\/p>\n","protected":false},"author":15,"featured_media":7627,"parent":2660,"menu_order":0,"comment_status":"closed","ping_status":"closed","template":"","meta":{"_acf_changed":false,"footnotes":""},"class_list":["post-7760","page","type-page","status-publish","has-post-thumbnail","hentry"],"acf":[],"_links":{"self":[{"href":"https:\/\/www.euroregion-naen.eu\/eu\/wp-json\/wp\/v2\/pages\/7760","targetHints":{"allow":["GET"]}}],"collection":[{"href":"https:\/\/www.euroregion-naen.eu\/eu\/wp-json\/wp\/v2\/pages"}],"about":[{"href":"https:\/\/www.euroregion-naen.eu\/eu\/wp-json\/wp\/v2\/types\/page"}],"author":[{"embeddable":true,"href":"https:\/\/www.euroregion-naen.eu\/eu\/wp-json\/wp\/v2\/users\/15"}],"replies":[{"embeddable":true,"href":"https:\/\/www.euroregion-naen.eu\/eu\/wp-json\/wp\/v2\/comments?post=7760"}],"version-history":[{"count":0,"href":"https:\/\/www.euroregion-naen.eu\/eu\/wp-json\/wp\/v2\/pages\/7760\/revisions"}],"up":[{"embeddable":true,"href":"https:\/\/www.euroregion-naen.eu\/eu\/wp-json\/wp\/v2\/pages\/2660"}],"wp:featuredmedia":[{"embeddable":true,"href":"https:\/\/www.euroregion-naen.eu\/eu\/wp-json\/wp\/v2\/media\/7627"}],"wp:attachment":[{"href":"https:\/\/www.euroregion-naen.eu\/eu\/wp-json\/wp\/v2\/media?parent=7760"}],"curies":[{"name":"wp","href":"https:\/\/api.w.org\/{rel}","templated":true}]}}