{"id":12328,"date":"2021-05-25T12:29:36","date_gmt":"2021-05-25T10:29:36","guid":{"rendered":"https:\/\/www.euroregion-naen.eu\/?page_id=12328"},"modified":"2022-07-26T19:22:34","modified_gmt":"2022-07-26T17:22:34","slug":"bidali-nire-eskaera","status":"publish","type":"page","link":"https:\/\/www.euroregion-naen.eu\/eu\/bidali-nire-eskaera\/","title":{"rendered":"Bidali nire eskaera &#8211; Euroeskualdeko beka"},"content":{"rendered":"<script type=\"text\/javascript\">\n\/* <![CDATA[ *\/\nvar gform;gform||(document.addEventListener(\"gform_main_scripts_loaded\",function(){gform.scriptsLoaded=!0}),document.addEventListener(\"gform\/theme\/scripts_loaded\",function(){gform.themeScriptsLoaded=!0}),window.addEventListener(\"DOMContentLoaded\",function(){gform.domLoaded=!0}),gform={domLoaded:!1,scriptsLoaded:!1,themeScriptsLoaded:!1,isFormEditor:()=>\"function\"==typeof InitializeEditor,callIfLoaded:function(o){return!(!gform.domLoaded||!gform.scriptsLoaded||!gform.themeScriptsLoaded&&!gform.isFormEditor()||(gform.isFormEditor()&&console.warn(\"The use of gform.initializeOnLoaded() is deprecated in the form editor context and will be removed in Gravity Forms 3.1.\"),o(),0))},initializeOnLoaded:function(o){gform.callIfLoaded(o)||(document.addEventListener(\"gform_main_scripts_loaded\",()=>{gform.scriptsLoaded=!0,gform.callIfLoaded(o)}),document.addEventListener(\"gform\/theme\/scripts_loaded\",()=>{gform.themeScriptsLoaded=!0,gform.callIfLoaded(o)}),window.addEventListener(\"DOMContentLoaded\",()=>{gform.domLoaded=!0,gform.callIfLoaded(o)}))},hooks:{action:{},filter:{}},addAction:function(o,r,e,t){gform.addHook(\"action\",o,r,e,t)},addFilter:function(o,r,e,t){gform.addHook(\"filter\",o,r,e,t)},doAction:function(o){gform.doHook(\"action\",o,arguments)},applyFilters:function(o){return gform.doHook(\"filter\",o,arguments)},removeAction:function(o,r){gform.removeHook(\"action\",o,r)},removeFilter:function(o,r,e){gform.removeHook(\"filter\",o,r,e)},addHook:function(o,r,e,t,n){null==gform.hooks[o][r]&&(gform.hooks[o][r]=[]);var d=gform.hooks[o][r];null==n&&(n=r+\"_\"+d.length),gform.hooks[o][r].push({tag:n,callable:e,priority:t=null==t?10:t})},doHook:function(r,o,e){var t;if(e=Array.prototype.slice.call(e,1),null!=gform.hooks[r][o]&&((o=gform.hooks[r][o]).sort(function(o,r){return o.priority-r.priority}),o.forEach(function(o){\"function\"!=typeof(t=o.callable)&&(t=window[t]),\"action\"==r?t.apply(null,e):e[0]=t.apply(null,e)})),\"filter\"==r)return e[0]},removeHook:function(o,r,t,n){var e;null!=gform.hooks[o][r]&&(e=(e=gform.hooks[o][r]).filter(function(o,r,e){return!!(null!=n&&n!=o.tag||null!=t&&t!=o.priority)}),gform.hooks[o][r]=e)}});\n\/* ]]> *\/\n<\/script>\n\n                <div class='gf_browser_gecko gform_wrapper gform_legacy_markup_wrapper gform-theme--no-framework' data-form-theme='legacy' data-form-index='0' id='gform_wrapper_25' >\n                        <div class='gform_heading'>\n                            <h3 class=\"gform_title\">BOURSE - Ikasleak<\/h3>\n                            <p class='gform_description'><\/p>\n                        <\/div><form method='post' enctype='multipart\/form-data'  id='gform_25'  action='\/eu\/wp-json\/wp\/v2\/pages\/12328' data-formid='25' novalidate> \r\n <input type='hidden' class='gforms-pum' value='{\"closepopup\":false,\"closedelay\":0,\"openpopup\":false,\"openpopup_id\":0}' \/>\n                        <div class='gform-body gform_body'><ul id='gform_fields_25' class='gform_fields top_label form_sublabel_below description_below validation_below'><li id=\"field_25_1\" class=\"gfield gfield--type-text gfield_contains_required field_sublabel_below gfield--no-description field_description_below field_validation_below gfield_visibility_visible\"  ><label class='gfield_label gform-field-label' for='input_25_1'>Izen-abizene<span class=\"gfield_required\"><span class=\"gfield_required gfield_required_asterisk\">*<\/span><\/span><\/label><div class='ginput_container ginput_container_text'><input name='input_1' id='input_25_1' type='text' value='' class='medium'     aria-required=\"true\" aria-invalid=\"false\"   \/><\/div><\/li><li id=\"field_25_2\" class=\"gfield gfield--type-email gfield_contains_required field_sublabel_below gfield--no-description field_description_below field_validation_below gfield_visibility_visible\"  ><label class='gfield_label gform-field-label' for='input_25_2'>Posta elektronikoa<span class=\"gfield_required\"><span class=\"gfield_required gfield_required_asterisk\">*<\/span><\/span><\/label><div class='ginput_container ginput_container_email'>\n                            <input name='input_2' id='input_25_2' type='email' value='' class='medium'    aria-required=\"true\" aria-invalid=\"false\"  \/>\n                        <\/div><\/li><li id=\"field_25_4\" class=\"gfield gfield--type-select gfield_contains_required field_sublabel_below gfield--no-description field_description_below field_validation_below gfield_visibility_visible\"  ><label class='gfield_label gform-field-label' for='input_25_4'>Zure jatomizko unibertsitateo aukerotu<span class=\"gfield_required\"><span class=\"gfield_required gfield_required_asterisk\">*<\/span><\/span><\/label><div class='ginput_container ginput_container_select'><select name='input_4' id='input_25_4' class='medium gfield_select'    aria-required=\"true\" aria-invalid=\"false\" ><option value='Universidad del Pa\u00eds Vasco (UPV\/EHU)' >Zure jatomizko unibertsitateo aukerotu<\/option><option value='UPV\/EHU' >Universidad del Pa\u00eds Vasco (UPV\/EHU)<\/option><option value='Deusto' >Universidad de Deusto<\/option><option value='Universidad de Mondrag\u00f3n' >Universidad de Mondrag\u00f3n<\/option><option value='(UPNA)' >Universidad P\u00fablica de Navarra (UPNA)<\/option><option value='Universidad de Navarra' >Universidad de Navarra<\/option><option value='Bordeaux' >Universit\u00e9 de Bordeaux (Burdeos)<\/option><option value='Montaigne' >Universit\u00e9 Bordeaux Montaigne (Burdeos)<\/option><option value='Mont-de-Marsan' >Universit\u00e9 de Pau et des Pays de l\u2019Adour (Pau, Bayona, Anglet y Mont-de-Marsan)<\/option><option value='Rochelle' >La Rochelle Universit\u00e9<\/option><option value='Poitiers' >Universit\u00e9 de Poitiers<\/option><option value='Limoges' >Universit\u00e9 de Limoges<\/option><option value='Sciences Po Bordeaux' >Sciences Po Bordeaux (Instituto de Ciencias Pol\u00edticas de Burdeos)<\/option><option value='Sciences Agro' >Bordeaux Sciences Agro (Escuela de Ciencias Agron\u00f3micas de Burdeos)<\/option><option value='INP' >Bordeaux INP (Instituto Nacional Polit\u00e9cnico de Burdeos)<\/option><option value='ENSAM' >ENSAM (Escuela Nacional Superior de Artes y Oficios de Burdeos)<\/option><option value='ESTIA' >ESTIA (Escuela Superior de las Tecnolog\u00edas Industriales Aplicadas de Bidart)<\/option><option value='EnsapBx' >EnsapBx (Escuela Nacional Superior de Arquitectura y Paisajes de Burdeos)<\/option><option value='Kedge' >Kedge Business School (Burdeos)<\/option><option value='Bayonne' >Kedge Business School \u2013 Campus de Bayonne<\/option><option value='EbaBx' >EbaBx (Escuela de Ense\u00f1anza Superior de Arte de Burdeos)<\/option><option value='ISAE-ENSMA' >ISAE-ENSMA \u2013 Escuela Nacional Superior de Mec\u00e1nica y Aerot\u00e9cnica (Poitiers)<\/option><option value='ESC' >ESC Pau BS (Escuela Superior de Comercio de Pau)<\/option><option value='INSEEC' >INSEEC BS<\/option><option value='BBA' >BBA INSEEC ECE<\/option><option value='CY' >CY TECH Pau<\/option><option value='\u00c9SAD' >\u00c9SAD Pyr\u00e9n\u00e9es<\/option><option value='CESI' >\u00c9coles d\u2019ing\u00e9nieurs CESI<\/option><option value='Savignac' >\u00c9cole Sup\u00e9rieure Internationale de Savignac<\/option><\/select><\/div><\/li><li id=\"field_25_5\" class=\"gfield gfield--type-captcha gfield--width-full field_sublabel_below gfield--no-description field_description_below field_validation_below gfield_visibility_visible\"  ><label class='gfield_label gform-field-label' for='input_25_5'>CAPTCHA<\/label><div class='gfield_captcha_container'><img class='gfield_captcha' src='https:\/\/www.euroregion-naen.eu\/index.php?gf-download=792854969.png&#038;form-id=captcha&#038;field-id=5&#038;hash=8518b345b0add83c988883badc4f83aaa6c785be531f64c39c5794579f9583aa' alt='' width='30' height='42' \/><img class='gfield_captcha' src='https:\/\/www.euroregion-naen.eu\/index.php?gf-download=1617693974.png&#038;form-id=captcha&#038;field-id=5&#038;hash=578376b1db94c3935047fbd13447c39d191f44d892c21689fd1e2a0f2dea3fd9' alt='' width='30' height='42' \/><img class='gfield_captcha' src='https:\/\/www.euroregion-naen.eu\/index.php?gf-download=1776292476.png&#038;form-id=captcha&#038;field-id=5&#038;hash=493dfe8910f6a5da0c8cb0229832f7cd000229258ad65b21059ffec3975a8117' alt='' width='30' height='42' \/><div class='gfield_captcha_input_container math_medium'><input type='text' autocomplete='off' name='input_5' id='input_25_5' \/><input type='hidden' name='input_captcha_prefix_5' value='792854969,1617693974,1776292476' \/><\/div><\/div><\/li><\/ul><\/div>\n        <div class='gform-footer gform_footer top_label'> <button type='submit' id='gform_submit_button_25' class='gform_button button' onclick='gform.submission.handleButtonClick(this);' data-submission-type='submit' value='Bidali'  ><span>Bidali<\/span><\/button> \n            <input type='hidden' class='gform_hidden' name='gform_submission_method' data-js='gform_submission_method_25' value='postback' \/>\n            <input type='hidden' class='gform_hidden' name='gform_theme' data-js='gform_theme_25' id='gform_theme_25' value='legacy' \/>\n            <input type='hidden' class='gform_hidden' name='gform_style_settings' data-js='gform_style_settings_25' id='gform_style_settings_25' value='[]' \/>\n            <input type='hidden' class='gform_hidden' name='is_submit_25' value='1' \/>\n            <input type='hidden' class='gform_hidden' name='gform_submit' value='25' \/>\n            \n            <input type='hidden' class='gform_hidden' name='gform_currency' data-currency='EUR' value='aI\/jIw+5WvzAWlt+YBYQ\/azSx1yPoEiskeIiWPmqhFXG4kmg25rzIqdAKGrfILv3xWeBMXYtuwzhUtN7PkYTyLK4pDndpfgCAICVWc3nhE+1VBI=' \/>\n            <input type='hidden' class='gform_hidden' name='gform_unique_id' value='' \/>\n            <input type='hidden' class='gform_hidden' name='state_25' value='WyJbXSIsImJmODQ0MmFiMzBjMTBkY2FhMmMwY2U4OWQ4OGYxNDY0Il0=' \/>\n            <input type='hidden' autocomplete='off' class='gform_hidden' name='gform_target_page_number_25' id='gform_target_page_number_25' value='0' \/>\n            <input type='hidden' autocomplete='off' class='gform_hidden' name='gform_source_page_number_25' id='gform_source_page_number_25' value='1' \/>\n            <input type='hidden' name='gform_field_values' value='' \/>\n            \n        <\/div>\n                        <\/form>\n                        <\/div><script type=\"text\/javascript\">\n\/* <![CDATA[ *\/\n gform.initializeOnLoaded( function() {gformInitSpinner( 25, 'https:\/\/www.euroregion-naen.eu\/wp-content\/plugins\/gravityforms\/images\/spinner.svg', true );jQuery('#gform_ajax_frame_25').on('load',function(){var contents = jQuery(this).contents().find('*').html();var is_postback = contents.indexOf('GF_AJAX_POSTBACK') >= 0;if(!is_postback){return;}var form_content = jQuery(this).contents().find('#gform_wrapper_25');var is_confirmation = jQuery(this).contents().find('#gform_confirmation_wrapper_25').length > 0;var is_redirect = contents.indexOf('gformRedirect(){') >= 0;var is_form = form_content.length > 0 && ! is_redirect && ! is_confirmation;var mt = parseInt(jQuery('html').css('margin-top'), 10) + parseInt(jQuery('body').css('margin-top'), 10) + 100;if(is_form){jQuery('#gform_wrapper_25').html(form_content.html());if(form_content.hasClass('gform_validation_error')){jQuery('#gform_wrapper_25').addClass('gform_validation_error');} else {jQuery('#gform_wrapper_25').removeClass('gform_validation_error');}setTimeout( function() { \/* delay the scroll by 50 milliseconds to fix a bug in chrome *\/  }, 50 );if(window['gformInitDatepicker']) {gformInitDatepicker();}if(window['gformInitPriceFields']) {gformInitPriceFields();}var current_page = jQuery('#gform_source_page_number_25').val();gformInitSpinner( 25, 'https:\/\/www.euroregion-naen.eu\/wp-content\/plugins\/gravityforms\/images\/spinner.svg', true );jQuery(document).trigger('gform_page_loaded', [25, current_page]);window['gf_submitting_25'] = false;}else if(!is_redirect){var confirmation_content = jQuery(this).contents().find('.GF_AJAX_POSTBACK').html();if(!confirmation_content){confirmation_content = contents;}jQuery('#gform_wrapper_25').replaceWith(confirmation_content);jQuery(document).trigger('gform_confirmation_loaded', [25]);window['gf_submitting_25'] = false;wp.a11y.speak(jQuery('#gform_confirmation_message_25').text());}else{jQuery('#gform_25').append(contents);if(window['gformRedirect']) {gformRedirect();}}jQuery(document).trigger(\"gform_pre_post_render\", [{ formId: \"25\", currentPage: \"current_page\", abort: function() { this.preventDefault(); } }]);        if (event && event.defaultPrevented) {                return;        }        const gformWrapperDiv = document.getElementById( \"gform_wrapper_25\" );        if ( gformWrapperDiv ) {            const visibilitySpan = document.createElement( \"span\" );            visibilitySpan.id = \"gform_visibility_test_25\";            gformWrapperDiv.insertAdjacentElement( \"afterend\", visibilitySpan );        }        const visibilityTestDiv = document.getElementById( \"gform_visibility_test_25\" );        let postRenderFired = false;        function triggerPostRender() {            if ( postRenderFired ) {                return;            }            postRenderFired = true;            gform.core.triggerPostRenderEvents( 25, current_page );            if ( visibilityTestDiv ) {                visibilityTestDiv.parentNode.removeChild( visibilityTestDiv );            }        }        function debounce( func, wait, immediate ) {            var timeout;            return function() {                var context = this, args = arguments;                var later = function() {                    timeout = null;                    if ( !immediate ) func.apply( context, args );                };                var callNow = immediate && !timeout;                clearTimeout( timeout );                timeout = setTimeout( later, wait );                if ( callNow ) func.apply( context, args );            };        }        const debouncedTriggerPostRender = debounce( function() {            triggerPostRender();        }, 200 );        if ( visibilityTestDiv && visibilityTestDiv.offsetParent === null ) {            const observer = new MutationObserver( ( mutations ) => {                mutations.forEach( ( mutation ) => {                    if ( mutation.type === 'attributes' && visibilityTestDiv.offsetParent !== null ) {                        debouncedTriggerPostRender();                        observer.disconnect();                    }                });            });            observer.observe( document.body, {                attributes: true,                childList: false,                subtree: true,                attributeFilter: [ 'style', 'class' ],            });        } else {            triggerPostRender();        }    } );} ); \n\/* ]]> *\/\n<\/script>\n\n","protected":false},"excerpt":{"rendered":"","protected":false},"author":15,"featured_media":14935,"parent":0,"menu_order":0,"comment_status":"closed","ping_status":"closed","template":"templates\/page-custom.php","meta":{"_acf_changed":false,"footnotes":""},"class_list":["post-12328","page","type-page","status-publish","has-post-thumbnail","hentry"],"acf":[],"_links":{"self":[{"href":"https:\/\/www.euroregion-naen.eu\/eu\/wp-json\/wp\/v2\/pages\/12328","targetHints":{"allow":["GET"]}}],"collection":[{"href":"https:\/\/www.euroregion-naen.eu\/eu\/wp-json\/wp\/v2\/pages"}],"about":[{"href":"https:\/\/www.euroregion-naen.eu\/eu\/wp-json\/wp\/v2\/types\/page"}],"author":[{"embeddable":true,"href":"https:\/\/www.euroregion-naen.eu\/eu\/wp-json\/wp\/v2\/users\/15"}],"replies":[{"embeddable":true,"href":"https:\/\/www.euroregion-naen.eu\/eu\/wp-json\/wp\/v2\/comments?post=12328"}],"version-history":[{"count":0,"href":"https:\/\/www.euroregion-naen.eu\/eu\/wp-json\/wp\/v2\/pages\/12328\/revisions"}],"wp:featuredmedia":[{"embeddable":true,"href":"https:\/\/www.euroregion-naen.eu\/eu\/wp-json\/wp\/v2\/media\/14935"}],"wp:attachment":[{"href":"https:\/\/www.euroregion-naen.eu\/eu\/wp-json\/wp\/v2\/media?parent=12328"}],"curies":[{"name":"wp","href":"https:\/\/api.w.org\/{rel}","templated":true}]}}