{"id":2847,"date":"2019-11-14T15:58:59","date_gmt":"2019-11-14T14:58:59","guid":{"rendered":"https:\/\/www.euroregion-naen.eu\/?page_id=2847"},"modified":"2026-03-11T09:42:03","modified_gmt":"2026-03-11T08:42:03","slug":"convocatoria-de-proyectos-ciudadania-eurorregional","status":"publish","type":"page","link":"https:\/\/www.euroregion-naen.eu\/es\/proyectos\/convocatoria-de-proyectos-ciudadania-eurorregional\/","title":{"rendered":"Convocatoria de proyectos \u00abCiudadan\u00eda eurorregional\u00bb"},"content":{"rendered":"<p>Las convocatorias de proyectos de la Eurorregi\u00f3n proporcionan apoyo financiero para <strong>fomentar acciones de cooperaci\u00f3n<\/strong> entre socios situados en los territorios de la Regi\u00f3n Nueva Aquitania, la Comunidad Aut\u00f3noma de Euskadi y la Comunidad Foral de Navarra.<\/p>\n<p>La mejora del <strong>conocimiento mutuo<\/strong> de los actores, la promoci\u00f3n del <strong>aprendizaje de idiomas<\/strong>, la <strong>difusi\u00f3n cultural<\/strong>, la <strong>implicaci\u00f3n de la juventud<\/strong> eurorregional siguen siendo retos que la AECT Nueva Aquitania Euskadi Navarra desea abordar de forma transversal a trav\u00e9s de esta Convocatoria de proyectos. Esta convocatoria de proyectos se basa en una serie de elementos transversales en l\u00ednea con las prioridades europeas: la igualdad, el desarrollo sostenible y la digitalizaci\u00f3n. La m\u00e1xima \u201cconocerse mejor para cooperar mejor\u00bb esta en el centro de la Convocatoria.<\/p>\n<p>El objetivo de la convocatoria de proyectos es apoyar iniciativas con un verdadero <strong>car\u00e1cter trilateral,<\/strong> desde su g\u00e9nesis hasta su realizaci\u00f3n final, con al menos una entidad socia de cada uno de los territorios miembros de la AECT. La dotaci\u00f3n global de esta convocatoria de proyectos es de <strong>500.000 euros<\/strong>.<\/p>\n<h2>Prioridades<\/h2>\n<p>Las tem\u00e1ticas de esta convocatoria corresponden al primer eje de trabajo del <a href=\"https:\/\/www.euroregion-naen.eu\/es\/la-eurorregion\/plan-estrategico-2021-2027\/\"><em><strong>Plan Estrat\u00e9gico de la Eurorregi\u00f3n 2021-2027<\/strong><\/em>,<\/a> \u00abCiudadan\u00eda Eurorregional\u00bb, que son:<\/p>\n<ul>\n<li>Cultura<\/li>\n<li>Pluriling\u00fcismo<\/li>\n<li>Educaci\u00f3n<\/li>\n<li>Juventud<\/li>\n<li>Deporte<\/li>\n<li>Retos sociales contempor\u00e1neos<\/li>\n<\/ul>\n<pre><\/pre>\n<table width=\"798\">\n<tbody>\n<tr>\n<td width=\"360\"><a class=\"btn btn-green\" href=\"https:\/\/www.euroregion-naen.eu\/wp-content\/uploads\/2019\/12\/AAP1-2026-CAS.zip\" target=\"_blank\" rel=\"noopener\">Descargar los documentos 2026<\/a><\/td>\n<td width=\"35\"><\/td>\n<td width=\"370\"><a class=\"btn btn-green\" href=\"https:\/\/www.euroregion-naen.eu\/wp-content\/uploads\/2019\/12\/@GUIA-PARA-PROMOTORES-DE-PROYECTOS-2023-ES.pdf\" target=\"_blank\" rel=\"noopener\">Una pregunta? Descargar la gu\u00eda<\/a><\/td>\n<\/tr>\n<\/tbody>\n<\/table>\n<h5><\/h5>\n<table width=\"798\">\n<tbody>\n<tr>\n<td width=\"10\"><\/td>\n<td style=\"text-align: center;\" width=\"370\"><a class=\"btn btn-green\" href=\"https:\/\/www.euroregion-naen.eu\/es\/proyectos\/convocatoria-de-proyectos-ciudadania-eurorregional\/presentar-un-proyecto\/\" target=\"_blank\" rel=\"noopener\">Presentar su solicitud 2026<\/a><\/td>\n<td width=\"10\"><\/td>\n<\/tr>\n<\/tbody>\n<\/table>\n<hr \/>\n<p>&nbsp;<\/p>\n","protected":false},"excerpt":{"rendered":"<p>Las convocatorias de proyectos de la Eurorregi\u00f3n proporcionan apoyo financiero para fomentar acciones de cooperaci\u00f3n entre socios situados en los territorios de la Regi\u00f3n Nueva Aquitania, la Comunidad Aut\u00f3noma de Euskadi y la Comunidad Foral de Navarra. La mejora del conocimiento mutuo de los actores, la promoci\u00f3n del aprendizaje de idiomas, la difusi\u00f3n cultural, la [&hellip;]<\/p>\n","protected":false},"author":15,"featured_media":2852,"parent":2690,"menu_order":0,"comment_status":"closed","ping_status":"closed","template":"templates\/appels-a-projet.php","meta":{"_acf_changed":false,"footnotes":""},"class_list":["post-2847","page","type-page","status-publish","has-post-thumbnail","hentry"],"acf":[],"_links":{"self":[{"href":"https:\/\/www.euroregion-naen.eu\/es\/wp-json\/wp\/v2\/pages\/2847","targetHints":{"allow":["GET"]}}],"collection":[{"href":"https:\/\/www.euroregion-naen.eu\/es\/wp-json\/wp\/v2\/pages"}],"about":[{"href":"https:\/\/www.euroregion-naen.eu\/es\/wp-json\/wp\/v2\/types\/page"}],"author":[{"embeddable":true,"href":"https:\/\/www.euroregion-naen.eu\/es\/wp-json\/wp\/v2\/users\/15"}],"replies":[{"embeddable":true,"href":"https:\/\/www.euroregion-naen.eu\/es\/wp-json\/wp\/v2\/comments?post=2847"}],"version-history":[{"count":0,"href":"https:\/\/www.euroregion-naen.eu\/es\/wp-json\/wp\/v2\/pages\/2847\/revisions"}],"up":[{"embeddable":true,"href":"https:\/\/www.euroregion-naen.eu\/es\/wp-json\/wp\/v2\/pages\/2690"}],"wp:featuredmedia":[{"embeddable":true,"href":"https:\/\/www.euroregion-naen.eu\/es\/wp-json\/wp\/v2\/media\/2852"}],"wp:attachment":[{"href":"https:\/\/www.euroregion-naen.eu\/es\/wp-json\/wp\/v2\/media?parent=2847"}],"curies":[{"name":"wp","href":"https:\/\/api.w.org\/{rel}","templated":true}]}}