{"id":2690,"date":"2019-10-31T15:03:12","date_gmt":"2019-10-31T14:03:12","guid":{"rendered":"https:\/\/www.euroregion-naen.eu\/?page_id=2690"},"modified":"2019-11-21T15:15:28","modified_gmt":"2019-11-21T14:15:28","slug":"proyectos","status":"publish","type":"page","link":"https:\/\/www.euroregion-naen.eu\/es\/proyectos\/","title":{"rendered":"Proyectos"},"content":{"rendered":"<p><strong>Multilateral, multisectorial, multiling\u00fce, el enfoque transversal de la Eurorregi\u00f3n supone la implantaci\u00f3n de varios tipos de proyectos que permiten la participaci\u00f3n de todos\/as en el desarrollo del territorio en funci\u00f3n de sus necesidades, competencias y objetivos.<\/strong><\/p>\n","protected":false},"excerpt":{"rendered":"<p>Multilateral, multisectorial, multiling\u00fce, el enfoque transversal de la Eurorregi\u00f3n supone la implantaci\u00f3n de varios tipos de proyectos que permiten la participaci\u00f3n de todos\/as en el desarrollo del territorio en funci\u00f3n de sus necesidades, competencias y objetivos.<\/p>\n","protected":false},"author":15,"featured_media":1813,"parent":0,"menu_order":0,"comment_status":"closed","ping_status":"closed","template":"templates\/nos-projets.php","meta":{"_acf_changed":false,"footnotes":""},"class_list":["post-2690","page","type-page","status-publish","has-post-thumbnail","hentry"],"acf":[],"_links":{"self":[{"href":"https:\/\/www.euroregion-naen.eu\/es\/wp-json\/wp\/v2\/pages\/2690","targetHints":{"allow":["GET"]}}],"collection":[{"href":"https:\/\/www.euroregion-naen.eu\/es\/wp-json\/wp\/v2\/pages"}],"about":[{"href":"https:\/\/www.euroregion-naen.eu\/es\/wp-json\/wp\/v2\/types\/page"}],"author":[{"embeddable":true,"href":"https:\/\/www.euroregion-naen.eu\/es\/wp-json\/wp\/v2\/users\/15"}],"replies":[{"embeddable":true,"href":"https:\/\/www.euroregion-naen.eu\/es\/wp-json\/wp\/v2\/comments?post=2690"}],"version-history":[{"count":0,"href":"https:\/\/www.euroregion-naen.eu\/es\/wp-json\/wp\/v2\/pages\/2690\/revisions"}],"wp:featuredmedia":[{"embeddable":true,"href":"https:\/\/www.euroregion-naen.eu\/es\/wp-json\/wp\/v2\/media\/1813"}],"wp:attachment":[{"href":"https:\/\/www.euroregion-naen.eu\/es\/wp-json\/wp\/v2\/media?parent=2690"}],"curies":[{"name":"wp","href":"https:\/\/api.w.org\/{rel}","templated":true}]}}