{"id":2679,"date":"2019-10-04T16:02:03","date_gmt":"2019-10-04T14:02:03","guid":{"rendered":"https:\/\/www.euroregion-naen.eu\/nuestros-proyectos\/nuestros-dispositivos\/transfermuga\/"},"modified":"2020-10-08T17:43:06","modified_gmt":"2020-10-08T15:43:06","slug":"transfermugarrekin","status":"publish","type":"page","link":"https:\/\/www.euroregion-naen.eu\/es\/proyectos\/nuestros-dispositivos\/transfermugarrekin\/","title":{"rendered":"TRANSFERMUGA-RREKIN"},"content":{"rendered":"<p>Caminos, carreteras, v\u00edas, aire, agua\u2026 TRANSFERMUGA le gu\u00eda en sus desplazamientos eurorregionales, independientemente de su medio de transporte. Ir de Pamplona a Saint-Jean-Pied-de-Port en barco puede ser complicado\u2026 en la p\u00e1gina encontrar\u00e1 numerosos itinerarios, perderse o llegar, \u00a1usted decide!<\/p>\n<p><img loading=\"lazy\" decoding=\"async\" class=\"aligncenter wp-image-1936 size-full\" src=\"https:\/\/www.euroregion-naen.eu\/wp-content\/uploads\/2019\/10\/transfermuga-web.jpg\" alt=\"Transfermuga\" width=\"1610\" height=\"820\" srcset=\"https:\/\/www.euroregion-naen.eu\/wp-content\/uploads\/2019\/10\/transfermuga-web.jpg 1610w, https:\/\/www.euroregion-naen.eu\/wp-content\/uploads\/2019\/10\/transfermuga-web-300x153.jpg 300w, https:\/\/www.euroregion-naen.eu\/wp-content\/uploads\/2019\/10\/transfermuga-web-768x391.jpg 768w, https:\/\/www.euroregion-naen.eu\/wp-content\/uploads\/2019\/10\/transfermuga-web-1024x522.jpg 1024w\" sizes=\"auto, (max-width: 1610px) 100vw, 1610px\" \/><\/p>\n<p>Seleccionado en la tercera convocatoria del POCTEFA 2014-2020, el proyecto TRANSFERMUGA-RREKIN est\u00e1 en fase de ejecuci<span class=\"TextRun SCXW45830309 BCX0\" lang=\"ES-ES\" xml:lang=\"ES-ES\" data-contrast=\"auto\"><span class=\"NormalTextRun SCXW45830309 BCX0\">\u00f3n <\/span><\/span>entre 2020 y 2022, pilotado por la Eurorregi<span class=\"TextRun SCXW45830309 BCX0\" lang=\"ES-ES\" xml:lang=\"ES-ES\" data-contrast=\"auto\"><span class=\"NormalTextRun SCXW45830309 BCX0\">\u00f3<\/span><\/span>n Nueva-Aquitania Euskadi Navarra, y con el Sindicato de Movilidad del Pais Vasco-Adour, la Red Ferroviaria Vasca y la SNCF Gares &amp; Connexions como socios del proyecto.<\/p>\n<p>Las principales acciones del proyecto son las siguientes:<\/p>\n<ul>\n<li>Mejora de los servicios del portal de informaci<span class=\"TextRun SCXW45830309 BCX0\" lang=\"ES-ES\" xml:lang=\"ES-ES\" data-contrast=\"auto\"><span class=\"NormalTextRun SCXW45830309 BCX0\">\u00f3<\/span><\/span>n al viajero <a href=\"http:\/\/www.transfermuga.eu\/ES\/\" target=\"_blank\" rel=\"noopener noreferrer\">Transfermuga<\/a> e innovaci<span class=\"TextRun SCXW45830309 BCX0\" lang=\"ES-ES\" xml:lang=\"ES-ES\" data-contrast=\"auto\"><span class=\"NormalTextRun SCXW45830309 BCX0\">\u00f3<\/span><\/span>n los datos de movilidad de su calculador de itinerarios<\/li>\n<li>Realizaci<span class=\"TextRun SCXW45830309 BCX0\" lang=\"ES-ES\" xml:lang=\"ES-ES\" data-contrast=\"auto\"><span class=\"NormalTextRun SCXW45830309 BCX0\">\u00f3<\/span><\/span>n de un diagn<span class=\"TextRun SCXW45830309 BCX0\" lang=\"ES-ES\" xml:lang=\"ES-ES\" data-contrast=\"auto\"><span class=\"NormalTextRun SCXW45830309 BCX0\">\u00f3<\/span><\/span>stico de la oferta multimodal transfronteriza y un estudio sobre la gobernanza de la conexion ferroviaria transfronteriza<\/li>\n<li>Realizaci<span class=\"TextRun SCXW45830309 BCX0\" lang=\"ES-ES\" xml:lang=\"ES-ES\" data-contrast=\"auto\"><span class=\"NormalTextRun SCXW45830309 BCX0\">\u00f3<\/span><\/span>n de una infraestructura intermodal <em>Elgarrekin <\/em>en la estaci<span class=\"TextRun SCXW45830309 BCX0\" lang=\"ES-ES\" xml:lang=\"ES-ES\" data-contrast=\"auto\"><span class=\"NormalTextRun SCXW45830309 BCX0\">\u00f3<\/span><\/span>n de Hendaya, de la mano del <a href=\"https:\/\/www.communaute-paysbasque.fr\/vivre-ici\/deplacements\/ameliorer-les-deplacements-a-lechelle-du-territoire\/elgarrekin-le-pole-dechange-multimodal-dhendaye\" target=\"_blank\" rel=\"noopener noreferrer\">Sindicato de Movilidad del Pa\u00eds Vasco y el Adour<\/a><\/li>\n<li>Implementaci<span class=\"TextRun SCXW45830309 BCX0\" lang=\"ES-ES\" xml:lang=\"ES-ES\" data-contrast=\"auto\"><span class=\"NormalTextRun SCXW45830309 BCX0\">\u00f3<\/span><\/span>n de mejoras en la se<span class=\"TextRun SCXW45830309 BCX0\" lang=\"ES-ES\" xml:lang=\"ES-ES\" data-contrast=\"auto\"><span class=\"NormalTextRun SCXW45830309 BCX0\">\u00f1<\/span><\/span>alizaci<span class=\"TextRun SCXW45830309 BCX0\" lang=\"ES-ES\" xml:lang=\"ES-ES\" data-contrast=\"auto\"><span class=\"NormalTextRun SCXW45830309 BCX0\">\u00f3<\/span><\/span>n y la seguridad en la linea transfronteriza del Topo, de la mano de la <a href=\"https:\/\/www.ets-rfv.euskadi.eus\/portada-ets-es\/\" target=\"_blank\" rel=\"noopener noreferrer\">Red Ferroviaria Vasca<\/a><\/li>\n<li>Ejecuci<span class=\"TextRun SCXW45830309 BCX0\" lang=\"ES-ES\" xml:lang=\"ES-ES\" data-contrast=\"auto\"><span class=\"NormalTextRun SCXW45830309 BCX0\">\u00f3<\/span><\/span>n de la interconexi<span class=\"TextRun SCXW45830309 BCX0\" lang=\"ES-ES\" xml:lang=\"ES-ES\" data-contrast=\"auto\"><span class=\"NormalTextRun SCXW45830309 BCX0\">\u00f3n de las estaciones de SNCF y Euskotren, de la mano de la <a href=\"https:\/\/www.garesetconnexions.sncf\/fr\" target=\"_blank\" rel=\"noopener noreferrer\">SNCF Gares &amp; Connexions<\/a>. <\/span><\/span><\/li>\n<\/ul>\n<p>&nbsp;<\/p>\n<p style=\"text-align: center\">Proyecto cofinanciado por el Fondo Europeo de Desarollo Regional (FEDER)<\/p>\n<p><img loading=\"lazy\" decoding=\"async\" class=\"aligncenter wp-image-9115 size-full\" src=\"https:\/\/www.euroregion-naen.eu\/wp-content\/uploads\/2020\/06\/interreg-poctefa-transfermuga-rrekin-rgb-1.jpg\" alt=\"interreg-POCTEFA-TRANSFERMUGA-RREKIN-RGB (1)\" width=\"1843\" height=\"827\" srcset=\"https:\/\/www.euroregion-naen.eu\/wp-content\/uploads\/2020\/06\/interreg-poctefa-transfermuga-rrekin-rgb-1.jpg 1843w, https:\/\/www.euroregion-naen.eu\/wp-content\/uploads\/2020\/06\/interreg-poctefa-transfermuga-rrekin-rgb-1-300x135.jpg 300w, https:\/\/www.euroregion-naen.eu\/wp-content\/uploads\/2020\/06\/interreg-poctefa-transfermuga-rrekin-rgb-1-1024x459.jpg 1024w, https:\/\/www.euroregion-naen.eu\/wp-content\/uploads\/2020\/06\/interreg-poctefa-transfermuga-rrekin-rgb-1-768x345.jpg 768w, https:\/\/www.euroregion-naen.eu\/wp-content\/uploads\/2020\/06\/interreg-poctefa-transfermuga-rrekin-rgb-1-1536x689.jpg 1536w\" sizes=\"auto, (max-width: 1843px) 100vw, 1843px\" \/><\/p>\n<p><span class=\"TextRun SCXW45830309 BCX0\" lang=\"ES-ES\" xml:lang=\"ES-ES\" data-contrast=\"auto\"><span class=\"NormalTextRun SCXW45830309 BCX0\">El proyecto ha sido cofinanciado al 65% por el Fondo Europeo de Desarrollo Regional (FEDER) a trav\u00e9s del Programa\u00a0<\/span><\/span><span class=\"TextRun SCXW45830309 BCX0\" lang=\"ES-ES\" xml:lang=\"ES-ES\" data-contrast=\"auto\"><span class=\"NormalTextRun SpellingErrorV2 SCXW45830309 BCX0\">Interreg<\/span><\/span><span class=\"TextRun SCXW45830309 BCX0\" lang=\"ES-ES\" xml:lang=\"ES-ES\" data-contrast=\"auto\"><span class=\"NormalTextRun SCXW45830309 BCX0\">\u00a0V-A Espa\u00f1a-Francia-Andorra (POCTEFA 2014-2020). El objetivo del POCTEFA es reforzar la integraci\u00f3n econ\u00f3mica y social de la zona fronteriza Espa\u00f1a-Francia-Andorra. Su ayuda se concentra en el desarrollo de actividades econ\u00f3micas, sociales y medioambientales transfronterizas a trav\u00e9s de estrategias conjuntas a favor del desarrollo territorial sostenible.<\/span><\/span><span class=\"EOP SCXW45830309 BCX0\" data-ccp-props=\"{&quot;335551550&quot;:6,&quot;335551620&quot;:6,&quot;335559685&quot;:851}\">\u00a0<\/span><\/p>\n","protected":false},"excerpt":{"rendered":"<p>Caminos, carreteras, v\u00edas, aire, agua\u2026 TRANSFERMUGA le gu\u00eda en sus desplazamientos eurorregionales, independientemente de su medio de transporte. Ir de Pamplona a Saint-Jean-Pied-de-Port en barco puede ser complicado\u2026 en la p\u00e1gina encontrar\u00e1 numerosos itinerarios, perderse o llegar, \u00a1usted decide! Seleccionado en la tercera convocatoria del POCTEFA 2014-2020, el proyecto TRANSFERMUGA-RREKIN est\u00e1 en fase de ejecuci\u00f3n [&hellip;]<\/p>\n","protected":false},"author":15,"featured_media":9110,"parent":2665,"menu_order":0,"comment_status":"closed","ping_status":"closed","template":"","meta":{"_acf_changed":false,"footnotes":""},"class_list":["post-2679","page","type-page","status-publish","has-post-thumbnail","hentry"],"acf":[],"_links":{"self":[{"href":"https:\/\/www.euroregion-naen.eu\/es\/wp-json\/wp\/v2\/pages\/2679","targetHints":{"allow":["GET"]}}],"collection":[{"href":"https:\/\/www.euroregion-naen.eu\/es\/wp-json\/wp\/v2\/pages"}],"about":[{"href":"https:\/\/www.euroregion-naen.eu\/es\/wp-json\/wp\/v2\/types\/page"}],"author":[{"embeddable":true,"href":"https:\/\/www.euroregion-naen.eu\/es\/wp-json\/wp\/v2\/users\/15"}],"replies":[{"embeddable":true,"href":"https:\/\/www.euroregion-naen.eu\/es\/wp-json\/wp\/v2\/comments?post=2679"}],"version-history":[{"count":0,"href":"https:\/\/www.euroregion-naen.eu\/es\/wp-json\/wp\/v2\/pages\/2679\/revisions"}],"up":[{"embeddable":true,"href":"https:\/\/www.euroregion-naen.eu\/es\/wp-json\/wp\/v2\/pages\/2665"}],"wp:featuredmedia":[{"embeddable":true,"href":"https:\/\/www.euroregion-naen.eu\/es\/wp-json\/wp\/v2\/media\/9110"}],"wp:attachment":[{"href":"https:\/\/www.euroregion-naen.eu\/es\/wp-json\/wp\/v2\/media?parent=2679"}],"curies":[{"name":"wp","href":"https:\/\/api.w.org\/{rel}","templated":true}]}}