{"id":2634,"date":"2019-10-31T14:59:21","date_gmt":"2019-10-31T13:59:21","guid":{"rendered":"https:\/\/www.euroregion-naen.eu\/?page_id=2634"},"modified":"2024-03-13T14:34:07","modified_gmt":"2024-03-13T13:34:07","slug":"que-es-la-eurorregion","status":"publish","type":"page","link":"https:\/\/www.euroregion-naen.eu\/es\/la-eurorregion\/que-es-la-eurorregion\/","title":{"rendered":"\u00bfQu\u00e9 es la Eurorregi\u00f3n?"},"content":{"rendered":"<p>La AECT Eurorregi\u00f3n Nueva Aquitania Euskadi Navarra es una Agrupaci\u00f3n Europea de Cooperaci\u00f3n Territorial creada el 12 de diciembre de 2011 cuya finalidad es promover el desarrollo econ\u00f3mico, social y cultural del territorio transfronterizo y eurorregional, fomentando al mismo tiempo los intercambios dentro del mismo.<\/p>\n<p>Nouvelle-Aquitaine, Euskadi, Navarra, la Eurorregi\u00f3n*:<\/p>\n<ul>\n<li>un territorio de 101.678 km\u00b2,<\/li>\n<li>8.744.648 habitantes,<\/li>\n<li>3.541.000 empleos,<\/li>\n<li>486.176 empresas,<\/li>\n<li>1.781.141 estudiantes.<\/li>\n<\/ul>\n<p><em>* Datos de 2017<\/em><\/p>\n<p>Nouvelle-Aquitaine, Euskadi, Navarra, una eurorregi\u00f3n, dos pa\u00edses, tres lenguas de trabajo: euskera, castellano y franc\u00e9s. Multiling\u00fcismo en el que todos\/as se comunican, comparten, aprenden, se conectan.<\/p>\n<p>Nouvelle-Aquitaine, Euskadi, Navarra un enfoque, un esp\u00edritu, un anhelo: hacer de la Eurorregi\u00f3n un territorio que conjugue proximidad y lejan\u00eda para facilitar la vida cotidiana de los\/las habitantes a escala local y regional, contribuyendo a mejorar sus condiciones de vida aqu\u00ed, ahora y en el futuro.<\/p>\n<p><img loading=\"lazy\" decoding=\"async\" class=\"aligncenter wp-image-16899 size-full\" src=\"https:\/\/www.euroregion-naen.eu\/wp-content\/uploads\/2024\/03\/diseno-sin-titulo-1.png\" alt=\"\" width=\"1587\" height=\"2245\" srcset=\"https:\/\/www.euroregion-naen.eu\/wp-content\/uploads\/2024\/03\/diseno-sin-titulo-1.png 1587w, https:\/\/www.euroregion-naen.eu\/wp-content\/uploads\/2024\/03\/diseno-sin-titulo-1-212x300.png 212w, https:\/\/www.euroregion-naen.eu\/wp-content\/uploads\/2024\/03\/diseno-sin-titulo-1-724x1024.png 724w, https:\/\/www.euroregion-naen.eu\/wp-content\/uploads\/2024\/03\/diseno-sin-titulo-1-768x1086.png 768w, https:\/\/www.euroregion-naen.eu\/wp-content\/uploads\/2024\/03\/diseno-sin-titulo-1-1086x1536.png 1086w, https:\/\/www.euroregion-naen.eu\/wp-content\/uploads\/2024\/03\/diseno-sin-titulo-1-1448x2048.png 1448w, https:\/\/www.euroregion-naen.eu\/wp-content\/uploads\/2024\/03\/diseno-sin-titulo-1-182x258.png 182w\" sizes=\"auto, (max-width: 1587px) 100vw, 1587px\" \/><\/p>\n","protected":false},"excerpt":{"rendered":"<p>La AECT Eurorregi\u00f3n Nueva Aquitania Euskadi Navarra es una Agrupaci\u00f3n Europea de Cooperaci\u00f3n Territorial creada el 12 de diciembre de 2011 cuya finalidad es promover el desarrollo econ\u00f3mico, social y cultural del territorio transfronterizo y eurorregional, fomentando al mismo tiempo los intercambios dentro del mismo. Nouvelle-Aquitaine, Euskadi, Navarra, la Eurorregi\u00f3n*: un territorio de 101.678 km\u00b2, [&hellip;]<\/p>\n","protected":false},"author":15,"featured_media":1667,"parent":2533,"menu_order":0,"comment_status":"closed","ping_status":"closed","template":"","meta":{"_acf_changed":false,"footnotes":""},"class_list":["post-2634","page","type-page","status-publish","has-post-thumbnail","hentry"],"acf":[],"_links":{"self":[{"href":"https:\/\/www.euroregion-naen.eu\/es\/wp-json\/wp\/v2\/pages\/2634","targetHints":{"allow":["GET"]}}],"collection":[{"href":"https:\/\/www.euroregion-naen.eu\/es\/wp-json\/wp\/v2\/pages"}],"about":[{"href":"https:\/\/www.euroregion-naen.eu\/es\/wp-json\/wp\/v2\/types\/page"}],"author":[{"embeddable":true,"href":"https:\/\/www.euroregion-naen.eu\/es\/wp-json\/wp\/v2\/users\/15"}],"replies":[{"embeddable":true,"href":"https:\/\/www.euroregion-naen.eu\/es\/wp-json\/wp\/v2\/comments?post=2634"}],"version-history":[{"count":0,"href":"https:\/\/www.euroregion-naen.eu\/es\/wp-json\/wp\/v2\/pages\/2634\/revisions"}],"up":[{"embeddable":true,"href":"https:\/\/www.euroregion-naen.eu\/es\/wp-json\/wp\/v2\/pages\/2533"}],"wp:featuredmedia":[{"embeddable":true,"href":"https:\/\/www.euroregion-naen.eu\/es\/wp-json\/wp\/v2\/media\/1667"}],"wp:attachment":[{"href":"https:\/\/www.euroregion-naen.eu\/es\/wp-json\/wp\/v2\/media?parent=2634"}],"curies":[{"name":"wp","href":"https:\/\/api.w.org\/{rel}","templated":true}]}}