{"id":2611,"date":"2019-10-31T14:58:15","date_gmt":"2019-10-31T13:58:15","guid":{"rendered":"https:\/\/www.euroregion-naen.eu\/?page_id=2611"},"modified":"2019-11-14T16:24:37","modified_gmt":"2019-11-14T15:24:37","slug":"gobernanza-abierta","status":"publish","type":"page","link":"https:\/\/www.euroregion-naen.eu\/es\/la-eurorregion\/plan-estrategico-2014-2020\/gobernanza-abierta\/","title":{"rendered":"Gobernanza abierta"},"content":{"rendered":"<h2>La Eurorregi\u00f3n act\u00faa en 2 l\u00edneas <\/h2>\n<h3>Promover la gobernanza multinivel y la gesti\u00f3n de proyectos <\/h3>\n<p>La Eurorregi\u00f3n es un lugar de encuentro para los operadores que desean trabajar con sus socios. Actuamos como facilitadores de la cooperaci\u00f3n transfronteriza. El equipo t\u00e9cnico trabaja para proporcionar asesoramiento y asistencia en t\u00e9rminos de financiaci\u00f3n europea, \u00e1reas de oportunidad, pero tambi\u00e9n como facilitador del proyecto (b\u00fasqueda de socios, informaci\u00f3n&#8230;.).<\/p>\n<p>Asimismo, la Eurorregi\u00f3n est\u00e1 constituyendo una serie de grupos de trabajo que se encargan de crear redes que sirvan de punto de confluencia para que las partes interesadas compartan acciones sobre los proyectos realizados; de explotar y permitir que los proyectos latentes se combinen con las prioridades de la Eurorregi\u00f3n. En la actualidad, existen varios grupos de trabajo: bosque-madera, econom\u00eda social y solidaria, cultura, juventud, transporte&#8230;.<\/p>\n<h3>Ampliar la visibilidad y el posicionamiento de la Eurorregi\u00f3n <\/h3>\n<p>La Eurorregi\u00f3n est\u00e1 presente en el contexto europeo y da mayor visibilidad a los proyectos desarrollados en el territorio. Trabajamos en estrecha colaboraci\u00f3n con las delegaciones de las tres regiones en Bruselas y participamos en la plataforma europea de las AECT.<\/p>\n","protected":false},"excerpt":{"rendered":"<p>La Eurorregi\u00f3n act\u00faa en 2 l\u00edneas Promover la gobernanza multinivel y la gesti\u00f3n de proyectos La Eurorregi\u00f3n es un lugar de encuentro para los operadores que desean trabajar con sus socios. Actuamos como facilitadores de la cooperaci\u00f3n transfronteriza. El equipo t\u00e9cnico trabaja para proporcionar asesoramiento y asistencia en t\u00e9rminos de financiaci\u00f3n europea, \u00e1reas de oportunidad, [&hellip;]<\/p>\n","protected":false},"author":15,"featured_media":1675,"parent":2575,"menu_order":0,"comment_status":"closed","ping_status":"closed","template":"","meta":{"_acf_changed":false,"footnotes":""},"class_list":["post-2611","page","type-page","status-publish","has-post-thumbnail","hentry"],"acf":[],"_links":{"self":[{"href":"https:\/\/www.euroregion-naen.eu\/es\/wp-json\/wp\/v2\/pages\/2611","targetHints":{"allow":["GET"]}}],"collection":[{"href":"https:\/\/www.euroregion-naen.eu\/es\/wp-json\/wp\/v2\/pages"}],"about":[{"href":"https:\/\/www.euroregion-naen.eu\/es\/wp-json\/wp\/v2\/types\/page"}],"author":[{"embeddable":true,"href":"https:\/\/www.euroregion-naen.eu\/es\/wp-json\/wp\/v2\/users\/15"}],"replies":[{"embeddable":true,"href":"https:\/\/www.euroregion-naen.eu\/es\/wp-json\/wp\/v2\/comments?post=2611"}],"version-history":[{"count":0,"href":"https:\/\/www.euroregion-naen.eu\/es\/wp-json\/wp\/v2\/pages\/2611\/revisions"}],"up":[{"embeddable":true,"href":"https:\/\/www.euroregion-naen.eu\/es\/wp-json\/wp\/v2\/pages\/2575"}],"wp:featuredmedia":[{"embeddable":true,"href":"https:\/\/www.euroregion-naen.eu\/es\/wp-json\/wp\/v2\/media\/1675"}],"wp:attachment":[{"href":"https:\/\/www.euroregion-naen.eu\/es\/wp-json\/wp\/v2\/media?parent=2611"}],"curies":[{"name":"wp","href":"https:\/\/api.w.org\/{rel}","templated":true}]}}