{"id":2523,"date":"2019-10-31T14:51:13","date_gmt":"2019-10-31T13:51:13","guid":{"rendered":"https:\/\/www.euroregion-naen.eu\/?page_id=2523"},"modified":"2020-04-16T10:53:44","modified_gmt":"2020-04-16T08:53:44","slug":"contacto","status":"publish","type":"page","link":"https:\/\/www.euroregion-naen.eu\/es\/contacto\/","title":{"rendered":"Contacto"},"content":{"rendered":"<div class=\"row\">\n<div class=\"col-md-6\">\n<h2>Contacta con la Eurorregi\u00f3n<\/h2>\n<p>18 rue Leku Eder<br \/>\nHendaye, Francia<\/p>\n<p>Horarios:<br \/>\n9h00 &#8211; 17h00<br \/>\nDe lunes a viernes<\/p>\n<\/div>\n<div class=\"col-md-6\">\n<h3>D\u00e9janos tu mensaje<\/h3>\n<div><\/div>\n<script type=\"text\/javascript\">\n\/* <![CDATA[ *\/\nvar gform;gform||(document.addEventListener(\"gform_main_scripts_loaded\",function(){gform.scriptsLoaded=!0}),document.addEventListener(\"gform\/theme\/scripts_loaded\",function(){gform.themeScriptsLoaded=!0}),window.addEventListener(\"DOMContentLoaded\",function(){gform.domLoaded=!0}),gform={domLoaded:!1,scriptsLoaded:!1,themeScriptsLoaded:!1,isFormEditor:()=>\"function\"==typeof InitializeEditor,callIfLoaded:function(o){return!(!gform.domLoaded||!gform.scriptsLoaded||!gform.themeScriptsLoaded&&!gform.isFormEditor()||(gform.isFormEditor()&&console.warn(\"The use of gform.initializeOnLoaded() is deprecated in the form editor context and will be removed in Gravity Forms 3.1.\"),o(),0))},initializeOnLoaded:function(o){gform.callIfLoaded(o)||(document.addEventListener(\"gform_main_scripts_loaded\",()=>{gform.scriptsLoaded=!0,gform.callIfLoaded(o)}),document.addEventListener(\"gform\/theme\/scripts_loaded\",()=>{gform.themeScriptsLoaded=!0,gform.callIfLoaded(o)}),window.addEventListener(\"DOMContentLoaded\",()=>{gform.domLoaded=!0,gform.callIfLoaded(o)}))},hooks:{action:{},filter:{}},addAction:function(o,r,e,t){gform.addHook(\"action\",o,r,e,t)},addFilter:function(o,r,e,t){gform.addHook(\"filter\",o,r,e,t)},doAction:function(o){gform.doHook(\"action\",o,arguments)},applyFilters:function(o){return gform.doHook(\"filter\",o,arguments)},removeAction:function(o,r){gform.removeHook(\"action\",o,r)},removeFilter:function(o,r,e){gform.removeHook(\"filter\",o,r,e)},addHook:function(o,r,e,t,n){null==gform.hooks[o][r]&&(gform.hooks[o][r]=[]);var d=gform.hooks[o][r];null==n&&(n=r+\"_\"+d.length),gform.hooks[o][r].push({tag:n,callable:e,priority:t=null==t?10:t})},doHook:function(r,o,e){var t;if(e=Array.prototype.slice.call(e,1),null!=gform.hooks[r][o]&&((o=gform.hooks[r][o]).sort(function(o,r){return o.priority-r.priority}),o.forEach(function(o){\"function\"!=typeof(t=o.callable)&&(t=window[t]),\"action\"==r?t.apply(null,e):e[0]=t.apply(null,e)})),\"filter\"==r)return e[0]},removeHook:function(o,r,t,n){var e;null!=gform.hooks[o][r]&&(e=(e=gform.hooks[o][r]).filter(function(o,r,e){return!!(null!=n&&n!=o.tag||null!=t&&t!=o.priority)}),gform.hooks[o][r]=e)}});\n\/* ]]> *\/\n<\/script>\n\n                <div class='gf_browser_gecko gform_wrapper gform_legacy_markup_wrapper gform-theme--no-framework' data-form-theme='legacy' data-form-index='0' id='gform_wrapper_4' ><form method='post' enctype='multipart\/form-data'  id='gform_4'  action='\/es\/wp-json\/wp\/v2\/pages\/2523' data-formid='4' novalidate> \r\n <input type='hidden' class='gforms-pum' value='{\"closepopup\":false,\"closedelay\":0,\"openpopup\":false,\"openpopup_id\":0}' \/>\n                        <div class='gform-body gform_body'><ul id='gform_fields_4' class='gform_fields top_label form_sublabel_below description_below validation_below'><li id=\"field_4_1\" class=\"gfield gfield--type-text gfield_contains_required field_sublabel_below gfield--no-description field_description_below field_validation_below gfield_visibility_visible\"  ><label class='gfield_label gform-field-label' for='input_4_1'>Apellido<span class=\"gfield_required\"><span class=\"gfield_required gfield_required_asterisk\">*<\/span><\/span><\/label><div class='ginput_container ginput_container_text'><input name='input_1' id='input_4_1' type='text' value='' class='medium'     aria-required=\"true\" aria-invalid=\"false\"   \/><\/div><\/li><li id=\"field_4_2\" class=\"gfield gfield--type-text gfield_contains_required field_sublabel_below gfield--no-description field_description_below field_validation_below gfield_visibility_visible\"  ><label class='gfield_label gform-field-label' for='input_4_2'>Nombre<span class=\"gfield_required\"><span class=\"gfield_required gfield_required_asterisk\">*<\/span><\/span><\/label><div class='ginput_container ginput_container_text'><input name='input_2' id='input_4_2' type='text' value='' class='medium'     aria-required=\"true\" aria-invalid=\"false\"   \/><\/div><\/li><li id=\"field_4_3\" class=\"gfield gfield--type-email gfield_contains_required field_sublabel_below gfield--no-description field_description_below field_validation_below gfield_visibility_visible\"  ><label class='gfield_label gform-field-label' for='input_4_3'>Mi e-mail<span class=\"gfield_required\"><span class=\"gfield_required gfield_required_asterisk\">*<\/span><\/span><\/label><div class='ginput_container ginput_container_email'>\n                            <input name='input_3' id='input_4_3' type='email' value='' class='medium'    aria-required=\"true\" aria-invalid=\"false\"  \/>\n                        <\/div><\/li><li id=\"field_4_4\" class=\"gfield gfield--type-phone field_sublabel_below gfield--no-description field_description_below field_validation_below gfield_visibility_visible\"  ><label class='gfield_label gform-field-label' for='input_4_4'>MI tel\u00e9fono<\/label><div class='ginput_container ginput_container_phone'><input name='input_4' id='input_4_4' type='tel' value='' class='medium'    aria-invalid=\"false\"   \/><\/div><\/li><li id=\"field_4_5\" class=\"gfield gfield--type-textarea gfield_contains_required field_sublabel_below gfield--no-description field_description_below field_validation_below gfield_visibility_visible\"  ><label class='gfield_label gform-field-label' for='input_4_5'>Mi mensaje<span class=\"gfield_required\"><span class=\"gfield_required gfield_required_asterisk\">*<\/span><\/span><\/label><div class='ginput_container ginput_container_textarea'><textarea name='input_5' id='input_4_5' class='textarea medium'     aria-required=\"true\" aria-invalid=\"false\"   rows='10' cols='50'><\/textarea><\/div><\/li><li id=\"field_4_8\" class=\"gfield gfield--type-consent gfield--type-choice gfield--input-type-consent field_sublabel_below gfield--no-description field_description_below hidden_label field_validation_below gfield_visibility_visible\"  ><label class='gfield_label gform-field-label gfield_label_before_complex' >RGPD<\/label><div class='ginput_container ginput_container_consent'><input name='input_8.1' id='input_4_8_1' type='checkbox' value='1'    aria-invalid=\"false\"   \/> <label class=\"gform-field-label gform-field-label--type-inline gfield_consent_label\" for='input_4_8_1' >Deseo recibir noticias de la Eurorregi\u00f3n. Al poner una cruz en esta casilla acepta recibir regularmente nuestra Newsletter. Su direcci\u00f3n no ser\u00e1 utilizada para ning\u00fan otro tipo de comunicaci\u00f3n y tampoco ser\u00e1 comunicada  a terceros.<\/label><input type='hidden' name='input_8.2' value='Deseo recibir noticias de la Eurorregi\u00f3n. Al poner una cruz en esta casilla acepta recibir regularmente nuestra Newsletter. Su direcci\u00f3n no ser\u00e1 utilizada para ning\u00fan otro tipo de comunicaci\u00f3n y tampoco ser\u00e1 comunicada  a terceros.' class='gform_hidden' \/><input type='hidden' name='input_8.3' value='2' class='gform_hidden' \/><\/div><\/li><li id=\"field_4_6\" class=\"gfield gfield--type-consent gfield--type-choice gfield--input-type-consent gfield_contains_required field_sublabel_below gfield--no-description field_description_below hidden_label field_validation_below gfield_visibility_visible\"  ><label class='gfield_label gform-field-label gfield_label_before_complex' >RGPD<span class=\"gfield_required\"><span class=\"gfield_required gfield_required_asterisk\">*<\/span><\/span><\/label><div class='ginput_container ginput_container_consent'><input name='input_6.1' id='input_4_6_1' type='checkbox' value='1'   aria-required=\"true\" aria-invalid=\"false\"   \/> <label class=\"gform-field-label gform-field-label--type-inline gfield_consent_label\" for='input_4_6_1' >Comunico mis datos personales exclusivamente en el marco de esta toma de contacto. Para m\u00e1s informaci\u00f3n referirse a la Politica de Confidencialidad de la Eurorregi\u00f3n.<span class=\"gfield_required gfield_required_asterisk\">*<\/span><\/label><input type='hidden' name='input_6.2' value='Comunico mis datos personales exclusivamente en el marco de esta toma de contacto. Para m\u00e1s informaci\u00f3n referirse a la Politica de Confidencialidad de la Eurorregi\u00f3n.' class='gform_hidden' \/><input type='hidden' name='input_6.3' value='2' class='gform_hidden' \/><\/div><\/li><li id=\"field_4_9\" class=\"gfield gfield--type-captcha gfield--width-full field_sublabel_below gfield--no-description field_description_below field_validation_below gfield_visibility_visible\"  ><label class='gfield_label gform-field-label' for='input_4_9'>CAPTCHA<\/label><div class='gfield_captcha_container'><img class='gfield_captcha' src='https:\/\/www.euroregion-naen.eu\/index.php?gf-download=1480065876.png&#038;form-id=captcha&#038;field-id=9&#038;hash=f821828ef5c2b2a5a6d5807faadc709b7e072a8fb00d532204ea703e04ba79f5' alt='' width='30' height='42' \/><img class='gfield_captcha' src='https:\/\/www.euroregion-naen.eu\/index.php?gf-download=1338950185.png&#038;form-id=captcha&#038;field-id=9&#038;hash=99f5c2489b6528c10b2aabfffdca476cd78c0907f59e621fd5564ca294d6153a' alt='' width='30' height='42' \/><img class='gfield_captcha' src='https:\/\/www.euroregion-naen.eu\/index.php?gf-download=1460725857.png&#038;form-id=captcha&#038;field-id=9&#038;hash=4588875467bc9c21b99150fde292c38669f8ca90b50e1a31b9880db39c99e390' alt='' width='30' height='42' \/><div class='gfield_captcha_input_container math_medium'><input type='text' autocomplete='off' name='input_9' id='input_4_9' \/><input type='hidden' name='input_captcha_prefix_9' value='1480065876,1338950185,1460725857' \/><\/div><\/div><\/li><\/ul><\/div>\n        <div class='gform-footer gform_footer top_label'> <button type='submit' id='gform_submit_button_4' class='gform_button button' onclick='gform.submission.handleButtonClick(this);' data-submission-type='submit' value='Enviar el mensaje'  ><span>Enviar el mensaje<\/span><\/button> \n            <input type='hidden' class='gform_hidden' name='gform_submission_method' data-js='gform_submission_method_4' value='postback' \/>\n            <input type='hidden' class='gform_hidden' name='gform_theme' data-js='gform_theme_4' id='gform_theme_4' value='legacy' \/>\n            <input type='hidden' class='gform_hidden' name='gform_style_settings' data-js='gform_style_settings_4' id='gform_style_settings_4' value='[]' \/>\n            <input type='hidden' class='gform_hidden' name='is_submit_4' value='1' \/>\n            <input type='hidden' class='gform_hidden' name='gform_submit' value='4' \/>\n            \n            <input type='hidden' class='gform_hidden' name='gform_currency' data-currency='EUR' value='svqQ6rwcO2\/cBLRgLtt4ufwBlKZoERPnCZ4E1KzPLlBw3u7CeS4GFl9HYcyVDa+aG4lLXFTwEs21CIbhEwKNxmxIAefY0WY8SY4bD85nAGmrLQM=' \/>\n            <input type='hidden' class='gform_hidden' name='gform_unique_id' value='' \/>\n            <input type='hidden' class='gform_hidden' name='state_4' value='WyJ7XCI4LjFcIjpcIjA4MDAyY2I4OWVjMjAwNDZkNzViYzQwMGRjM2ExMDQzXCIsXCI4LjJcIjpcIjg5MDMxNDNmNDU2NGE1ZTZiMWFkYWI1NGFmY2RjMTIwXCIsXCI4LjNcIjpcIjcwNmMzYzhhMDc1MWRjYjY2YTk4M2I2Y2NhOTljODVkXCIsXCI2LjFcIjpcIjA4MDAyY2I4OWVjMjAwNDZkNzViYzQwMGRjM2ExMDQzXCIsXCI2LjJcIjpcIjUwNGFhNDg0NTgyYTZhMWNkNTU2ZDc4YjA4MzBmNzY5XCIsXCI2LjNcIjpcIjcwNmMzYzhhMDc1MWRjYjY2YTk4M2I2Y2NhOTljODVkXCJ9IiwiYjJhZWI0YjhiZDAxOTNkMzJmZTQ4NWYzNTg3OTExNWMiXQ==' \/>\n            <input type='hidden' autocomplete='off' class='gform_hidden' name='gform_target_page_number_4' id='gform_target_page_number_4' value='0' \/>\n            <input type='hidden' autocomplete='off' class='gform_hidden' name='gform_source_page_number_4' id='gform_source_page_number_4' value='1' \/>\n            <input type='hidden' name='gform_field_values' value='' \/>\n            \n        <\/div>\n                        <\/form>\n                        <\/div><script type=\"text\/javascript\">\n\/* <![CDATA[ *\/\n gform.initializeOnLoaded( function() {gformInitSpinner( 4, 'https:\/\/www.euroregion-naen.eu\/wp-content\/plugins\/gravityforms\/images\/spinner.svg', true );jQuery('#gform_ajax_frame_4').on('load',function(){var contents = jQuery(this).contents().find('*').html();var is_postback = contents.indexOf('GF_AJAX_POSTBACK') >= 0;if(!is_postback){return;}var form_content = jQuery(this).contents().find('#gform_wrapper_4');var is_confirmation = jQuery(this).contents().find('#gform_confirmation_wrapper_4').length > 0;var is_redirect = contents.indexOf('gformRedirect(){') >= 0;var is_form = form_content.length > 0 && ! is_redirect && ! is_confirmation;var mt = parseInt(jQuery('html').css('margin-top'), 10) + parseInt(jQuery('body').css('margin-top'), 10) + 100;if(is_form){jQuery('#gform_wrapper_4').html(form_content.html());if(form_content.hasClass('gform_validation_error')){jQuery('#gform_wrapper_4').addClass('gform_validation_error');} else {jQuery('#gform_wrapper_4').removeClass('gform_validation_error');}setTimeout( function() { \/* delay the scroll by 50 milliseconds to fix a bug in chrome *\/  }, 50 );if(window['gformInitDatepicker']) {gformInitDatepicker();}if(window['gformInitPriceFields']) {gformInitPriceFields();}var current_page = jQuery('#gform_source_page_number_4').val();gformInitSpinner( 4, 'https:\/\/www.euroregion-naen.eu\/wp-content\/plugins\/gravityforms\/images\/spinner.svg', true );jQuery(document).trigger('gform_page_loaded', [4, current_page]);window['gf_submitting_4'] = false;}else if(!is_redirect){var confirmation_content = jQuery(this).contents().find('.GF_AJAX_POSTBACK').html();if(!confirmation_content){confirmation_content = contents;}jQuery('#gform_wrapper_4').replaceWith(confirmation_content);jQuery(document).trigger('gform_confirmation_loaded', [4]);window['gf_submitting_4'] = false;wp.a11y.speak(jQuery('#gform_confirmation_message_4').text());}else{jQuery('#gform_4').append(contents);if(window['gformRedirect']) {gformRedirect();}}jQuery(document).trigger(\"gform_pre_post_render\", [{ formId: \"4\", currentPage: \"current_page\", abort: function() { this.preventDefault(); } }]);        if (event && event.defaultPrevented) {                return;        }        const gformWrapperDiv = document.getElementById( \"gform_wrapper_4\" );        if ( gformWrapperDiv ) {            const visibilitySpan = document.createElement( \"span\" );            visibilitySpan.id = \"gform_visibility_test_4\";            gformWrapperDiv.insertAdjacentElement( \"afterend\", visibilitySpan );        }        const visibilityTestDiv = document.getElementById( \"gform_visibility_test_4\" );        let postRenderFired = false;        function triggerPostRender() {            if ( postRenderFired ) {                return;            }            postRenderFired = true;            gform.core.triggerPostRenderEvents( 4, current_page );            if ( visibilityTestDiv ) {                visibilityTestDiv.parentNode.removeChild( visibilityTestDiv );            }        }        function debounce( func, wait, immediate ) {            var timeout;            return function() {                var context = this, args = arguments;                var later = function() {                    timeout = null;                    if ( !immediate ) func.apply( context, args );                };                var callNow = immediate && !timeout;                clearTimeout( timeout );                timeout = setTimeout( later, wait );                if ( callNow ) func.apply( context, args );            };        }        const debouncedTriggerPostRender = debounce( function() {            triggerPostRender();        }, 200 );        if ( visibilityTestDiv && visibilityTestDiv.offsetParent === null ) {            const observer = new MutationObserver( ( mutations ) => {                mutations.forEach( ( mutation ) => {                    if ( mutation.type === 'attributes' && visibilityTestDiv.offsetParent !== null ) {                        debouncedTriggerPostRender();                        observer.disconnect();                    }                });            });            observer.observe( document.body, {                attributes: true,                childList: false,                subtree: true,                attributeFilter: [ 'style', 'class' ],            });        } else {            triggerPostRender();        }    } );} ); \n\/* ]]> *\/\n<\/script>\n\n<\/div>\n<\/div>\n","protected":false},"excerpt":{"rendered":"<p>Contacta con la Eurorregi\u00f3n 18 rue Leku Eder Hendaye, Francia Horarios: 9h00 &#8211; 17h00 De lunes a viernes D\u00e9janos tu mensaje<\/p>\n","protected":false},"author":15,"featured_media":0,"parent":0,"menu_order":0,"comment_status":"closed","ping_status":"closed","template":"templates\/no-banner.php","meta":{"_acf_changed":false,"footnotes":""},"class_list":["post-2523","page","type-page","status-publish","hentry"],"acf":[],"_links":{"self":[{"href":"https:\/\/www.euroregion-naen.eu\/es\/wp-json\/wp\/v2\/pages\/2523","targetHints":{"allow":["GET"]}}],"collection":[{"href":"https:\/\/www.euroregion-naen.eu\/es\/wp-json\/wp\/v2\/pages"}],"about":[{"href":"https:\/\/www.euroregion-naen.eu\/es\/wp-json\/wp\/v2\/types\/page"}],"author":[{"embeddable":true,"href":"https:\/\/www.euroregion-naen.eu\/es\/wp-json\/wp\/v2\/users\/15"}],"replies":[{"embeddable":true,"href":"https:\/\/www.euroregion-naen.eu\/es\/wp-json\/wp\/v2\/comments?post=2523"}],"version-history":[{"count":0,"href":"https:\/\/www.euroregion-naen.eu\/es\/wp-json\/wp\/v2\/pages\/2523\/revisions"}],"wp:attachment":[{"href":"https:\/\/www.euroregion-naen.eu\/es\/wp-json\/wp\/v2\/media?parent=2523"}],"curies":[{"name":"wp","href":"https:\/\/api.w.org\/{rel}","templated":true}]}}