{"id":19223,"date":"2025-12-09T16:32:54","date_gmt":"2025-12-09T15:32:54","guid":{"rendered":"https:\/\/www.euroregion-naen.eu\/?page_id=19223"},"modified":"2025-12-09T16:32:54","modified_gmt":"2025-12-09T15:32:54","slug":"transfermugi-mejorar-los-servicios-de-transporte-publico-transfronterizo","status":"publish","type":"page","link":"https:\/\/www.euroregion-naen.eu\/es\/transfermugi-mejorar-los-servicios-de-transporte-publico-transfronterizo\/","title":{"rendered":"TRANSFERMUGI \u2013 Mejorar los servicios de transporte p\u00fablico transfronterizo"},"content":{"rendered":"<p>El proyecto TRANSFERMUGI tiene como objetivo <strong>reforzar la movilidad transfronteriza en el territorio AFOMEF<\/strong>, <strong>desarrollando servicios ferroviarios y por carretera de transporte p\u00fablico<\/strong>, <strong>fomentando la intermodalidad<\/strong> y garantizando una mayor accesibilidad para todas las personas.<\/p>\n<p>TRANSFERMUGI responde a los <strong>retos estructurales de movilidad en las zonas fronterizas<\/strong>, caracterizadas por la falta de servicios de transporte adaptados, una dependencia del veh\u00edculo privado y un importante tr\u00e1fico de camiones de mercanc\u00edas.<\/p>\n<p>Para superar estos obst\u00e1culos, el proyecto se articula en <strong>cinco ejes principales de intervenci\u00f3n<\/strong>:<\/p>\n<ul>\n<li>Puesta en marcha de <strong>proyectos piloto de transporte ferroviario y de autob\u00fas hasta la primera ciudad del otro lado de la frontera<\/strong>, con el fin de mejorar la conectividad transfronteriza.<\/li>\n<li>Realizaci\u00f3n de <strong>estudios sobre infraestructuras ferroviarias y tr\u00e1fico<\/strong> para optimizar el uso del transporte p\u00fablico y promover una movilidad sostenible.<\/li>\n<li><strong>Adecuaci\u00f3n de paradas estrat\u00e9gicas<\/strong> para reforzar la accesibilidad y la intermodalidad.<\/li>\n<li><strong>Integraci\u00f3n de tecnolog\u00edas avanzadas<\/strong> que mejoren la experiencia de las personas viajeras.<\/li>\n<li>Desarrollo de <strong>experiencias piloto para impulsar alternativas sostenibles al veh\u00edculo privado<\/strong> y facilitar el transporte transfronterizo de mercanc\u00edas.<\/li>\n<\/ul>\n<p><strong>Socios y red de cooperaci\u00f3n<\/strong><\/p>\n<p>El proyecto est\u00e1 liderado por un consorcio coordinado por <a href=\"https:\/\/www.ets-rfv.euskadi.eus\/inicio\/\" target=\"_blank\" rel=\"noopener\">Euskal Trenbide Sarea<\/a> (ETS), con la participaci\u00f3n de la <a href=\"https:\/\/www.nouvelle-aquitaine.fr\/\" target=\"_blank\" rel=\"noopener\">Regi\u00f3n Nueva-Aquitania<\/a>, la <a href=\"https:\/\/www.atgipuzkoa.eus\/es\/\" target=\"_blank\" rel=\"noopener\">Autoridad Territorial de Transporte de Gipuzkoa<\/a> (ATTG), el <a href=\"https:\/\/www.communaute-paysbasque.fr\/linstitution\/nos-missions-et-notre-fonctionnement\/le-syndicat-des-mobilites-pays-basque-adour\" target=\"_blank\" rel=\"noopener\">Syndicat des mobilit\u00e9s Pays Basque\u2013Adour<\/a>, el <a href=\"https:\/\/www.gipuzkoa.eus\/es\/diputacion\/movilidad-turismo-y-ordenacion-del-territorio\" target=\"_blank\" rel=\"noopener\">Departamento de Movilidad, Turismo y Ordenaci\u00f3n del Territorio de la Diputaci\u00f3n Foral de Gipuzkoa<\/a>, as\u00ed como de la Eurorregi\u00f3n Nueva-Aquitania Euskadi Navarra.<\/p>\n<p><strong>Cofinanciaci\u00f3n europea<\/strong><\/p>\n<p>El proyecto TRANSFERMUGI cuenta con una cofinanciaci\u00f3n del 65 % por parte de la Uni\u00f3n Europea, a trav\u00e9s de la convocatoria de proyectos <a href=\"https:\/\/www.afomef.eu\/es\/inicio\" target=\"_blank\" rel=\"noopener\">AFOMEF POCTEFA<\/a> del Programa Interreg VI-A Espa\u00f1a-Francia-Andorra (<a href=\"https:\/\/www.poctefa.eu\/\" target=\"_blank\" rel=\"noopener\">POCTEFA<\/a> 2021-2027).<\/p>\n<p>El objetivo del POCTEFA es reforzar la integraci\u00f3n econ\u00f3mica y social de la zona fronteriza Espa\u00f1a-Francia-Andorra. El proyecto tiene una duraci\u00f3n de <strong>cuatro a\u00f1os<\/strong>, con un presupuesto total de <strong>5.950.060,00 \u20ac<\/strong>, de los cuales <strong>3.867.539,00 \u20ac<\/strong> son aportados por la Uni\u00f3n Europea.<\/p>\n<p><img loading=\"lazy\" decoding=\"async\" class=\"aligncenter wp-image-19212 size-full\" src=\"https:\/\/www.euroregion-naen.eu\/wp-content\/uploads\/2025\/12\/logo-lanean-800-x-400-px-4.png\" alt=\"\" width=\"800\" height=\"400\" srcset=\"https:\/\/www.euroregion-naen.eu\/wp-content\/uploads\/2025\/12\/logo-lanean-800-x-400-px-4.png 800w, https:\/\/www.euroregion-naen.eu\/wp-content\/uploads\/2025\/12\/logo-lanean-800-x-400-px-4-300x150.png 300w, https:\/\/www.euroregion-naen.eu\/wp-content\/uploads\/2025\/12\/logo-lanean-800-x-400-px-4-768x384.png 768w\" sizes=\"auto, (max-width: 800px) 100vw, 800px\" \/><\/p>\n","protected":false},"excerpt":{"rendered":"<p>El proyecto TRANSFERMUGI tiene como objetivo reforzar la movilidad transfronteriza en el territorio AFOMEF, desarrollando servicios ferroviarios y por carretera de transporte p\u00fablico, fomentando la intermodalidad y garantizando una mayor accesibilidad para todas las personas. TRANSFERMUGI responde a los retos estructurales de movilidad en las zonas fronterizas, caracterizadas por la falta de servicios de transporte [&hellip;]<\/p>\n","protected":false},"author":23,"featured_media":19221,"parent":0,"menu_order":0,"comment_status":"closed","ping_status":"closed","template":"","meta":{"_acf_changed":false,"footnotes":""},"class_list":["post-19223","page","type-page","status-publish","has-post-thumbnail","hentry"],"acf":[],"_links":{"self":[{"href":"https:\/\/www.euroregion-naen.eu\/es\/wp-json\/wp\/v2\/pages\/19223","targetHints":{"allow":["GET"]}}],"collection":[{"href":"https:\/\/www.euroregion-naen.eu\/es\/wp-json\/wp\/v2\/pages"}],"about":[{"href":"https:\/\/www.euroregion-naen.eu\/es\/wp-json\/wp\/v2\/types\/page"}],"author":[{"embeddable":true,"href":"https:\/\/www.euroregion-naen.eu\/es\/wp-json\/wp\/v2\/users\/23"}],"replies":[{"embeddable":true,"href":"https:\/\/www.euroregion-naen.eu\/es\/wp-json\/wp\/v2\/comments?post=19223"}],"version-history":[{"count":0,"href":"https:\/\/www.euroregion-naen.eu\/es\/wp-json\/wp\/v2\/pages\/19223\/revisions"}],"wp:featuredmedia":[{"embeddable":true,"href":"https:\/\/www.euroregion-naen.eu\/es\/wp-json\/wp\/v2\/media\/19221"}],"wp:attachment":[{"href":"https:\/\/www.euroregion-naen.eu\/es\/wp-json\/wp\/v2\/media?parent=19223"}],"curies":[{"name":"wp","href":"https:\/\/api.w.org\/{rel}","templated":true}]}}