{"id":18309,"date":"2025-03-20T12:40:43","date_gmt":"2025-03-20T11:40:43","guid":{"rendered":"https:\/\/www.euroregion-naen.eu\/marches-publics-de-leuroregion\/"},"modified":"2025-10-01T10:57:10","modified_gmt":"2025-10-01T08:57:10","slug":"contratacion-publica","status":"publish","type":"page","link":"https:\/\/www.euroregion-naen.eu\/es\/contratacion-publica\/","title":{"rendered":"Contrataci\u00f3n p\u00fablica"},"content":{"rendered":"<h2><strong>Licitaciones de la Eurorregi\u00f3n<\/strong><\/h2>\n<h3>AMO para proyectos europeos INTERREG POCTEFA \u2013 Asistencia en comunicaci\u00f3n<\/h3>\n<p><strong data-start=\"166\" data-end=\"182\"><em>Descripci\u00f3n:<\/em><\/strong> La Eurorregi\u00f3n publica una licitaci\u00f3n para la asistencia t\u00e9cnica en comunicaci\u00f3n del GECT Eurorregi\u00f3n en el marco de la convocatoria de proyectos AFOMEF del Programa INTERREG VI-A Espa\u00f1a\u2013Francia\u2013Andorra (POCTEFA 2021\u20132027), especialmente para los proyectos europeos TRANSFERMUGI y LANEAN.<br data-start=\"419\" data-end=\"422\" \/><em><strong data-start=\"476\" data-end=\"489\">Duraci\u00f3n:<\/strong><\/em> 48 meses<br \/>\n<em><strong data-start=\"501\" data-end=\"529\">Candidaturas : <\/strong><\/em>hasta el 24\/10\/2025<br \/>\n<em><strong data-start=\"501\" data-end=\"529\">Presentaci\u00f3n de ofertas:<\/strong><\/em> por v\u00eda electr\u00f3nica a trav\u00e9s de la plataforma nacional AMPA (en franc\u00e9s), accesible <a href=\"https:\/\/demat-ampa.fr\/entreprise\/consultation\/603191?orgAcronyme=GECT_64_1\" target=\"_blank\" rel=\"noopener\"><strong>[aqu\u00ed]<\/strong><\/a>.<br \/>\n<a href=\"https:\/\/www.euroregion-naen.eu\/wp-content\/uploads\/2019\/12\/avis-joue.pdf\" target=\"_blank\" rel=\"noopener\"><strong>Consultar el anuncio de licitaci\u00f3n<\/strong><\/a><\/p>\n","protected":false},"excerpt":{"rendered":"<p>Licitaciones de la Eurorregi\u00f3n AMO para proyectos europeos INTERREG POCTEFA \u2013 Asistencia en comunicaci\u00f3n Descripci\u00f3n: La Eurorregi\u00f3n publica una licitaci\u00f3n para la asistencia t\u00e9cnica en comunicaci\u00f3n del GECT Eurorregi\u00f3n en el marco de la convocatoria de proyectos AFOMEF del Programa INTERREG VI-A Espa\u00f1a\u2013Francia\u2013Andorra (POCTEFA 2021\u20132027), especialmente para los proyectos europeos TRANSFERMUGI y LANEAN.Duraci\u00f3n: 48 meses [&hellip;]<\/p>\n","protected":false},"author":23,"featured_media":18307,"parent":0,"menu_order":0,"comment_status":"closed","ping_status":"closed","template":"","meta":{"_acf_changed":false,"footnotes":""},"class_list":["post-18309","page","type-page","status-publish","has-post-thumbnail","hentry"],"acf":[],"_links":{"self":[{"href":"https:\/\/www.euroregion-naen.eu\/es\/wp-json\/wp\/v2\/pages\/18309","targetHints":{"allow":["GET"]}}],"collection":[{"href":"https:\/\/www.euroregion-naen.eu\/es\/wp-json\/wp\/v2\/pages"}],"about":[{"href":"https:\/\/www.euroregion-naen.eu\/es\/wp-json\/wp\/v2\/types\/page"}],"author":[{"embeddable":true,"href":"https:\/\/www.euroregion-naen.eu\/es\/wp-json\/wp\/v2\/users\/23"}],"replies":[{"embeddable":true,"href":"https:\/\/www.euroregion-naen.eu\/es\/wp-json\/wp\/v2\/comments?post=18309"}],"version-history":[{"count":0,"href":"https:\/\/www.euroregion-naen.eu\/es\/wp-json\/wp\/v2\/pages\/18309\/revisions"}],"wp:featuredmedia":[{"embeddable":true,"href":"https:\/\/www.euroregion-naen.eu\/es\/wp-json\/wp\/v2\/media\/18307"}],"wp:attachment":[{"href":"https:\/\/www.euroregion-naen.eu\/es\/wp-json\/wp\/v2\/media?parent=18309"}],"curies":[{"name":"wp","href":"https:\/\/api.w.org\/{rel}","templated":true}]}}