{"id":17944,"date":"2024-12-12T11:04:42","date_gmt":"2024-12-12T10:04:42","guid":{"rendered":"https:\/\/www.euroregion-naen.eu\/?page_id=17944"},"modified":"2025-01-07T18:00:18","modified_gmt":"2025-01-07T17:00:18","slug":"concurso-instantes-transfronterizos-2024-vota-para-tu-foto-favorita","status":"publish","type":"page","link":"https:\/\/www.euroregion-naen.eu\/es\/concurso-instantes-transfronterizos-2024-vota-para-tu-foto-favorita\/","title":{"rendered":"Concurso \u00abInstantes Transfronterizos\u00bb 2024: \u00a1vota para tu foto favorita!"},"content":{"rendered":"<p>He aqu\u00ed la selecci\u00f3n de los 12 finalistas de la edici\u00f3n 2024 del concurso fotogr\u00e1fico eurorregional \u2018Instantes transfronterizos\u2019 que ilustrar\u00e1n el calendario anual publicado por la instituci\u00f3n.<\/p>\n<p>\u00a1Vota hasta el 6 de enero por tu foto favorita! <em>(Votaci\u00f3n cerrada)<\/em><\/p>\n<div id='gallery-1' class='gallery galleryid-17944 gallery-columns-1 gallery-size-full'><figure class='gallery-item'>\n\t\t\t<div class='gallery-icon landscape'>\n\t\t\t\t<a href='https:\/\/www.euroregion-naen.eu\/es\/concurso-instantes-transfronterizos-2024-vota-para-tu-foto-favorita\/attachment\/01-cuando-la-niebla-abraza\/'><img loading=\"lazy\" decoding=\"async\" width=\"2560\" height=\"1709\" src=\"https:\/\/www.euroregion-naen.eu\/wp-content\/uploads\/2024\/12\/01-cuando-la-niebla-abraza-scaled.jpg\" class=\"attachment-full size-full\" alt=\"\" aria-describedby=\"gallery-1-17975\" srcset=\"https:\/\/www.euroregion-naen.eu\/wp-content\/uploads\/2024\/12\/01-cuando-la-niebla-abraza-scaled.jpg 2560w, https:\/\/www.euroregion-naen.eu\/wp-content\/uploads\/2024\/12\/01-cuando-la-niebla-abraza-300x200.jpg 300w, https:\/\/www.euroregion-naen.eu\/wp-content\/uploads\/2024\/12\/01-cuando-la-niebla-abraza-1024x684.jpg 1024w, https:\/\/www.euroregion-naen.eu\/wp-content\/uploads\/2024\/12\/01-cuando-la-niebla-abraza-768x513.jpg 768w, https:\/\/www.euroregion-naen.eu\/wp-content\/uploads\/2024\/12\/01-cuando-la-niebla-abraza-1536x1025.jpg 1536w, https:\/\/www.euroregion-naen.eu\/wp-content\/uploads\/2024\/12\/01-cuando-la-niebla-abraza-2048x1367.jpg 2048w, https:\/\/www.euroregion-naen.eu\/wp-content\/uploads\/2024\/12\/01-cuando-la-niebla-abraza-556x370.jpg 556w\" sizes=\"auto, (max-width: 2560px) 100vw, 2560px\" \/><\/a>\n\t\t\t<\/div>\n\t\t\t\t<figcaption class='wp-caption-text gallery-caption' id='gallery-1-17975'>\n\t\t\t\tCuando la niebla abraza &#8211; Eneko Ibarguengoitia Larrabaster\n\t\t\t\t<\/figcaption><\/figure><figure class='gallery-item'>\n\t\t\t<div class='gallery-icon landscape'>\n\t\t\t\t<a href='https:\/\/www.euroregion-naen.eu\/es\/concurso-instantes-transfronterizos-2024-vota-para-tu-foto-favorita\/attachment\/02-dolmen-de-la-hechicera\/'><img loading=\"lazy\" decoding=\"async\" width=\"2560\" height=\"1707\" src=\"https:\/\/www.euroregion-naen.eu\/wp-content\/uploads\/2024\/12\/02-dolmen-de-la-hechicera-scaled.jpg\" class=\"attachment-full size-full\" alt=\"\" aria-describedby=\"gallery-1-17980\" srcset=\"https:\/\/www.euroregion-naen.eu\/wp-content\/uploads\/2024\/12\/02-dolmen-de-la-hechicera-scaled.jpg 2560w, https:\/\/www.euroregion-naen.eu\/wp-content\/uploads\/2024\/12\/02-dolmen-de-la-hechicera-300x200.jpg 300w, https:\/\/www.euroregion-naen.eu\/wp-content\/uploads\/2024\/12\/02-dolmen-de-la-hechicera-1024x683.jpg 1024w, https:\/\/www.euroregion-naen.eu\/wp-content\/uploads\/2024\/12\/02-dolmen-de-la-hechicera-768x512.jpg 768w, https:\/\/www.euroregion-naen.eu\/wp-content\/uploads\/2024\/12\/02-dolmen-de-la-hechicera-1536x1024.jpg 1536w, https:\/\/www.euroregion-naen.eu\/wp-content\/uploads\/2024\/12\/02-dolmen-de-la-hechicera-2048x1365.jpg 2048w, https:\/\/www.euroregion-naen.eu\/wp-content\/uploads\/2024\/12\/02-dolmen-de-la-hechicera-556x370.jpg 556w\" sizes=\"auto, (max-width: 2560px) 100vw, 2560px\" \/><\/a>\n\t\t\t<\/div>\n\t\t\t\t<figcaption class='wp-caption-text gallery-caption' id='gallery-1-17980'>\n\t\t\t\tDolmen de la Hechicera \u2013 Jorge Castilla Castrillon\n\t\t\t\t<\/figcaption><\/figure><figure class='gallery-item'>\n\t\t\t<div class='gallery-icon landscape'>\n\t\t\t\t<a href='https:\/\/www.euroregion-naen.eu\/es\/concurso-instantes-transfronterizos-2024-vota-para-tu-foto-favorita\/attachment\/03-uztaritzeko-ihauteria-carnaval-dustaritz\/'><img loading=\"lazy\" decoding=\"async\" width=\"2560\" height=\"1713\" src=\"https:\/\/www.euroregion-naen.eu\/wp-content\/uploads\/2024\/12\/03-uztaritzeko-ihauteria-carnaval-dustaritz-scaled.jpg\" class=\"attachment-full size-full\" alt=\"\" aria-describedby=\"gallery-1-17985\" srcset=\"https:\/\/www.euroregion-naen.eu\/wp-content\/uploads\/2024\/12\/03-uztaritzeko-ihauteria-carnaval-dustaritz-scaled.jpg 2560w, https:\/\/www.euroregion-naen.eu\/wp-content\/uploads\/2024\/12\/03-uztaritzeko-ihauteria-carnaval-dustaritz-300x201.jpg 300w, https:\/\/www.euroregion-naen.eu\/wp-content\/uploads\/2024\/12\/03-uztaritzeko-ihauteria-carnaval-dustaritz-1024x685.jpg 1024w, https:\/\/www.euroregion-naen.eu\/wp-content\/uploads\/2024\/12\/03-uztaritzeko-ihauteria-carnaval-dustaritz-768x514.jpg 768w, https:\/\/www.euroregion-naen.eu\/wp-content\/uploads\/2024\/12\/03-uztaritzeko-ihauteria-carnaval-dustaritz-1536x1028.jpg 1536w, https:\/\/www.euroregion-naen.eu\/wp-content\/uploads\/2024\/12\/03-uztaritzeko-ihauteria-carnaval-dustaritz-2048x1370.jpg 2048w\" sizes=\"auto, (max-width: 2560px) 100vw, 2560px\" \/><\/a>\n\t\t\t<\/div>\n\t\t\t\t<figcaption class='wp-caption-text gallery-caption' id='gallery-1-17985'>\n\t\t\t\tUztaritzeko Ihauteria &#8211; Carnaval d&#8217;Ustaritz \u2013 Jacques Lannes\n\t\t\t\t<\/figcaption><\/figure><figure class='gallery-item'>\n\t\t\t<div class='gallery-icon landscape'>\n\t\t\t\t<a href='https:\/\/www.euroregion-naen.eu\/es\/concurso-instantes-transfronterizos-2024-vota-para-tu-foto-favorita\/attachment\/04-el-peine-despeinado\/'><img loading=\"lazy\" decoding=\"async\" width=\"2560\" height=\"1541\" src=\"https:\/\/www.euroregion-naen.eu\/wp-content\/uploads\/2024\/12\/04-el-peine-despeinado-scaled.jpg\" class=\"attachment-full size-full\" alt=\"\" aria-describedby=\"gallery-1-17990\" srcset=\"https:\/\/www.euroregion-naen.eu\/wp-content\/uploads\/2024\/12\/04-el-peine-despeinado-scaled.jpg 2560w, https:\/\/www.euroregion-naen.eu\/wp-content\/uploads\/2024\/12\/04-el-peine-despeinado-300x181.jpg 300w, https:\/\/www.euroregion-naen.eu\/wp-content\/uploads\/2024\/12\/04-el-peine-despeinado-1024x617.jpg 1024w, https:\/\/www.euroregion-naen.eu\/wp-content\/uploads\/2024\/12\/04-el-peine-despeinado-768x462.jpg 768w, https:\/\/www.euroregion-naen.eu\/wp-content\/uploads\/2024\/12\/04-el-peine-despeinado-1536x925.jpg 1536w, https:\/\/www.euroregion-naen.eu\/wp-content\/uploads\/2024\/12\/04-el-peine-despeinado-2048x1233.jpg 2048w\" sizes=\"auto, (max-width: 2560px) 100vw, 2560px\" \/><\/a>\n\t\t\t<\/div>\n\t\t\t\t<figcaption class='wp-caption-text gallery-caption' id='gallery-1-17990'>\n\t\t\t\tEl peine despeinado \u2013 Luis Lizarralde\n\t\t\t\t<\/figcaption><\/figure><figure class='gallery-item'>\n\t\t\t<div class='gallery-icon landscape'>\n\t\t\t\t<a href='https:\/\/www.euroregion-naen.eu\/es\/concurso-instantes-transfronterizos-2024-vota-para-tu-foto-favorita\/attachment\/05-ekaitza-abadian\/'><img loading=\"lazy\" decoding=\"async\" width=\"2560\" height=\"1707\" src=\"https:\/\/www.euroregion-naen.eu\/wp-content\/uploads\/2024\/12\/05-ekaitza-abadian-scaled.jpg\" class=\"attachment-full size-full\" alt=\"\" aria-describedby=\"gallery-1-17995\" srcset=\"https:\/\/www.euroregion-naen.eu\/wp-content\/uploads\/2024\/12\/05-ekaitza-abadian-scaled.jpg 2560w, https:\/\/www.euroregion-naen.eu\/wp-content\/uploads\/2024\/12\/05-ekaitza-abadian-300x200.jpg 300w, https:\/\/www.euroregion-naen.eu\/wp-content\/uploads\/2024\/12\/05-ekaitza-abadian-1024x683.jpg 1024w, https:\/\/www.euroregion-naen.eu\/wp-content\/uploads\/2024\/12\/05-ekaitza-abadian-768x512.jpg 768w, https:\/\/www.euroregion-naen.eu\/wp-content\/uploads\/2024\/12\/05-ekaitza-abadian-1536x1024.jpg 1536w, https:\/\/www.euroregion-naen.eu\/wp-content\/uploads\/2024\/12\/05-ekaitza-abadian-2048x1365.jpg 2048w, https:\/\/www.euroregion-naen.eu\/wp-content\/uploads\/2024\/12\/05-ekaitza-abadian-556x370.jpg 556w\" sizes=\"auto, (max-width: 2560px) 100vw, 2560px\" \/><\/a>\n\t\t\t<\/div>\n\t\t\t\t<figcaption class='wp-caption-text gallery-caption' id='gallery-1-17995'>\n\t\t\t\tEkaitza Abadian \u2013 Alain Paulis Garmendia\n\t\t\t\t<\/figcaption><\/figure><figure class='gallery-item'>\n\t\t\t<div class='gallery-icon landscape'>\n\t\t\t\t<a href='https:\/\/www.euroregion-naen.eu\/es\/concurso-instantes-transfronterizos-2024-vota-para-tu-foto-favorita\/attachment\/06-desde-arbayun-hacia-la-inmensidad\/'><img loading=\"lazy\" decoding=\"async\" width=\"2560\" height=\"1920\" src=\"https:\/\/www.euroregion-naen.eu\/wp-content\/uploads\/2024\/12\/06-desde-arbayun-hacia-la-inmensidad-scaled.jpg\" class=\"attachment-full size-full\" alt=\"\" aria-describedby=\"gallery-1-18000\" srcset=\"https:\/\/www.euroregion-naen.eu\/wp-content\/uploads\/2024\/12\/06-desde-arbayun-hacia-la-inmensidad-scaled.jpg 2560w, https:\/\/www.euroregion-naen.eu\/wp-content\/uploads\/2024\/12\/06-desde-arbayun-hacia-la-inmensidad-300x225.jpg 300w, https:\/\/www.euroregion-naen.eu\/wp-content\/uploads\/2024\/12\/06-desde-arbayun-hacia-la-inmensidad-1024x768.jpg 1024w, https:\/\/www.euroregion-naen.eu\/wp-content\/uploads\/2024\/12\/06-desde-arbayun-hacia-la-inmensidad-768x576.jpg 768w, https:\/\/www.euroregion-naen.eu\/wp-content\/uploads\/2024\/12\/06-desde-arbayun-hacia-la-inmensidad-1536x1152.jpg 1536w, https:\/\/www.euroregion-naen.eu\/wp-content\/uploads\/2024\/12\/06-desde-arbayun-hacia-la-inmensidad-2048x1536.jpg 2048w\" sizes=\"auto, (max-width: 2560px) 100vw, 2560px\" \/><\/a>\n\t\t\t<\/div>\n\t\t\t\t<figcaption class='wp-caption-text gallery-caption' id='gallery-1-18000'>\n\t\t\t\tDesde Arbayun hacia la inmensidad \u2013 Francisco Javier Bejarano Mar\u00edn\n\t\t\t\t<\/figcaption><\/figure><figure class='gallery-item'>\n\t\t\t<div class='gallery-icon landscape'>\n\t\t\t\t<a href='https:\/\/www.euroregion-naen.eu\/es\/concurso-instantes-transfronterizos-2024-vota-para-tu-foto-favorita\/attachment\/07-egun-on\/'><img loading=\"lazy\" decoding=\"async\" width=\"2560\" height=\"1707\" src=\"https:\/\/www.euroregion-naen.eu\/wp-content\/uploads\/2024\/12\/07-egun-on-scaled.jpg\" class=\"attachment-full size-full\" alt=\"\" aria-describedby=\"gallery-1-17945\" srcset=\"https:\/\/www.euroregion-naen.eu\/wp-content\/uploads\/2024\/12\/07-egun-on-scaled.jpg 2560w, https:\/\/www.euroregion-naen.eu\/wp-content\/uploads\/2024\/12\/07-egun-on-300x200.jpg 300w, https:\/\/www.euroregion-naen.eu\/wp-content\/uploads\/2024\/12\/07-egun-on-1024x683.jpg 1024w, https:\/\/www.euroregion-naen.eu\/wp-content\/uploads\/2024\/12\/07-egun-on-768x512.jpg 768w, https:\/\/www.euroregion-naen.eu\/wp-content\/uploads\/2024\/12\/07-egun-on-1536x1024.jpg 1536w, https:\/\/www.euroregion-naen.eu\/wp-content\/uploads\/2024\/12\/07-egun-on-2048x1365.jpg 2048w, https:\/\/www.euroregion-naen.eu\/wp-content\/uploads\/2024\/12\/07-egun-on-556x370.jpg 556w\" sizes=\"auto, (max-width: 2560px) 100vw, 2560px\" \/><\/a>\n\t\t\t<\/div>\n\t\t\t\t<figcaption class='wp-caption-text gallery-caption' id='gallery-1-17945'>\n\t\t\t\tEgun on! \u2013 Josu Santesteban\n\t\t\t\t<\/figcaption><\/figure><figure class='gallery-item'>\n\t\t\t<div class='gallery-icon landscape'>\n\t\t\t\t<a href='https:\/\/www.euroregion-naen.eu\/es\/concurso-instantes-transfronterizos-2024-vota-para-tu-foto-favorita\/attachment\/08-fuego-y-luces-en-la-noche-de-donostia\/'><img loading=\"lazy\" decoding=\"async\" width=\"1959\" height=\"1310\" src=\"https:\/\/www.euroregion-naen.eu\/wp-content\/uploads\/2024\/12\/08-fuego-y-luces-en-la-noche-de-donostia.jpg\" class=\"attachment-full size-full\" alt=\"\" aria-describedby=\"gallery-1-17950\" srcset=\"https:\/\/www.euroregion-naen.eu\/wp-content\/uploads\/2024\/12\/08-fuego-y-luces-en-la-noche-de-donostia.jpg 1959w, https:\/\/www.euroregion-naen.eu\/wp-content\/uploads\/2024\/12\/08-fuego-y-luces-en-la-noche-de-donostia-300x201.jpg 300w, https:\/\/www.euroregion-naen.eu\/wp-content\/uploads\/2024\/12\/08-fuego-y-luces-en-la-noche-de-donostia-1024x685.jpg 1024w, https:\/\/www.euroregion-naen.eu\/wp-content\/uploads\/2024\/12\/08-fuego-y-luces-en-la-noche-de-donostia-768x514.jpg 768w, https:\/\/www.euroregion-naen.eu\/wp-content\/uploads\/2024\/12\/08-fuego-y-luces-en-la-noche-de-donostia-1536x1027.jpg 1536w\" sizes=\"auto, (max-width: 1959px) 100vw, 1959px\" \/><\/a>\n\t\t\t<\/div>\n\t\t\t\t<figcaption class='wp-caption-text gallery-caption' id='gallery-1-17950'>\n\t\t\t\tFuego y Luces en la Noche de Donostia \u2013 Inaki Argazkiak\n\t\t\t\t<\/figcaption><\/figure><figure class='gallery-item'>\n\t\t\t<div class='gallery-icon landscape'>\n\t\t\t\t<a href='https:\/\/www.euroregion-naen.eu\/es\/concurso-instantes-transfronterizos-2024-vota-para-tu-foto-favorita\/attachment\/default\/'><img loading=\"lazy\" decoding=\"async\" width=\"2560\" height=\"1772\" src=\"https:\/\/www.euroregion-naen.eu\/wp-content\/uploads\/2024\/12\/09-mar-vivo-bizirik-dagoen-itsasoa-scaled.jpg\" class=\"attachment-full size-full\" alt=\"\" aria-describedby=\"gallery-1-17955\" srcset=\"https:\/\/www.euroregion-naen.eu\/wp-content\/uploads\/2024\/12\/09-mar-vivo-bizirik-dagoen-itsasoa-scaled.jpg 2560w, https:\/\/www.euroregion-naen.eu\/wp-content\/uploads\/2024\/12\/09-mar-vivo-bizirik-dagoen-itsasoa-300x208.jpg 300w, https:\/\/www.euroregion-naen.eu\/wp-content\/uploads\/2024\/12\/09-mar-vivo-bizirik-dagoen-itsasoa-1024x709.jpg 1024w, https:\/\/www.euroregion-naen.eu\/wp-content\/uploads\/2024\/12\/09-mar-vivo-bizirik-dagoen-itsasoa-768x532.jpg 768w, https:\/\/www.euroregion-naen.eu\/wp-content\/uploads\/2024\/12\/09-mar-vivo-bizirik-dagoen-itsasoa-1536x1063.jpg 1536w, https:\/\/www.euroregion-naen.eu\/wp-content\/uploads\/2024\/12\/09-mar-vivo-bizirik-dagoen-itsasoa-2048x1418.jpg 2048w\" sizes=\"auto, (max-width: 2560px) 100vw, 2560px\" \/><\/a>\n\t\t\t<\/div>\n\t\t\t\t<figcaption class='wp-caption-text gallery-caption' id='gallery-1-17955'>\n\t\t\t\tMar vivo &#8211; Bizirik dagoen itsasoa \u2013 Josu Santesteban\n\t\t\t\t<\/figcaption><\/figure><figure class='gallery-item'>\n\t\t\t<div class='gallery-icon landscape'>\n\t\t\t\t<a href='https:\/\/www.euroregion-naen.eu\/es\/concurso-instantes-transfronterizos-2024-vota-para-tu-foto-favorita\/attachment\/10-irurrekaeta\/'><img loading=\"lazy\" decoding=\"async\" width=\"2560\" height=\"1885\" src=\"https:\/\/www.euroregion-naen.eu\/wp-content\/uploads\/2024\/12\/10-irurrekaeta-scaled.jpg\" class=\"attachment-full size-full\" alt=\"\" aria-describedby=\"gallery-1-17960\" srcset=\"https:\/\/www.euroregion-naen.eu\/wp-content\/uploads\/2024\/12\/10-irurrekaeta-scaled.jpg 2560w, https:\/\/www.euroregion-naen.eu\/wp-content\/uploads\/2024\/12\/10-irurrekaeta-300x221.jpg 300w, https:\/\/www.euroregion-naen.eu\/wp-content\/uploads\/2024\/12\/10-irurrekaeta-1024x754.jpg 1024w, https:\/\/www.euroregion-naen.eu\/wp-content\/uploads\/2024\/12\/10-irurrekaeta-768x566.jpg 768w, https:\/\/www.euroregion-naen.eu\/wp-content\/uploads\/2024\/12\/10-irurrekaeta-1536x1131.jpg 1536w, https:\/\/www.euroregion-naen.eu\/wp-content\/uploads\/2024\/12\/10-irurrekaeta-2048x1508.jpg 2048w\" sizes=\"auto, (max-width: 2560px) 100vw, 2560px\" \/><\/a>\n\t\t\t<\/div>\n\t\t\t\t<figcaption class='wp-caption-text gallery-caption' id='gallery-1-17960'>\n\t\t\t\tIrurrekaeta \u2013 Alberto Vegas\n\t\t\t\t<\/figcaption><\/figure><figure class='gallery-item'>\n\t\t\t<div class='gallery-icon landscape'>\n\t\t\t\t<a href='https:\/\/www.euroregion-naen.eu\/es\/concurso-instantes-transfronterizos-2024-vota-para-tu-foto-favorita\/attachment\/11-udazkena-yesa-urtegian\/'><img loading=\"lazy\" decoding=\"async\" width=\"2560\" height=\"1650\" src=\"https:\/\/www.euroregion-naen.eu\/wp-content\/uploads\/2024\/12\/11-udazkena-yesa-urtegian-scaled.jpg\" class=\"attachment-full size-full\" alt=\"\" aria-describedby=\"gallery-1-17965\" srcset=\"https:\/\/www.euroregion-naen.eu\/wp-content\/uploads\/2024\/12\/11-udazkena-yesa-urtegian-scaled.jpg 2560w, https:\/\/www.euroregion-naen.eu\/wp-content\/uploads\/2024\/12\/11-udazkena-yesa-urtegian-300x193.jpg 300w, https:\/\/www.euroregion-naen.eu\/wp-content\/uploads\/2024\/12\/11-udazkena-yesa-urtegian-1024x660.jpg 1024w, https:\/\/www.euroregion-naen.eu\/wp-content\/uploads\/2024\/12\/11-udazkena-yesa-urtegian-768x495.jpg 768w, https:\/\/www.euroregion-naen.eu\/wp-content\/uploads\/2024\/12\/11-udazkena-yesa-urtegian-1536x990.jpg 1536w, https:\/\/www.euroregion-naen.eu\/wp-content\/uploads\/2024\/12\/11-udazkena-yesa-urtegian-2048x1320.jpg 2048w\" sizes=\"auto, (max-width: 2560px) 100vw, 2560px\" \/><\/a>\n\t\t\t<\/div>\n\t\t\t\t<figcaption class='wp-caption-text gallery-caption' id='gallery-1-17965'>\n\t\t\t\tUdazkena &#8211; Yesa -Urtegian \u2013 Josu Fern\u00e1ndez Varona\n\t\t\t\t<\/figcaption><\/figure><figure class='gallery-item'>\n\t\t\t<div class='gallery-icon landscape'>\n\t\t\t\t<a href='https:\/\/www.euroregion-naen.eu\/es\/concurso-instantes-transfronterizos-2024-vota-para-tu-foto-favorita\/attachment\/12-illuminations-de-noel-a-bayonne\/'><img loading=\"lazy\" decoding=\"async\" width=\"2560\" height=\"1713\" src=\"https:\/\/www.euroregion-naen.eu\/wp-content\/uploads\/2024\/12\/12-illuminations-de-noel-a-bayonne-scaled.jpg\" class=\"attachment-full size-full\" alt=\"\" aria-describedby=\"gallery-1-17970\" srcset=\"https:\/\/www.euroregion-naen.eu\/wp-content\/uploads\/2024\/12\/12-illuminations-de-noel-a-bayonne-scaled.jpg 2560w, https:\/\/www.euroregion-naen.eu\/wp-content\/uploads\/2024\/12\/12-illuminations-de-noel-a-bayonne-300x201.jpg 300w, https:\/\/www.euroregion-naen.eu\/wp-content\/uploads\/2024\/12\/12-illuminations-de-noel-a-bayonne-1024x685.jpg 1024w, https:\/\/www.euroregion-naen.eu\/wp-content\/uploads\/2024\/12\/12-illuminations-de-noel-a-bayonne-768x514.jpg 768w, https:\/\/www.euroregion-naen.eu\/wp-content\/uploads\/2024\/12\/12-illuminations-de-noel-a-bayonne-1536x1028.jpg 1536w, https:\/\/www.euroregion-naen.eu\/wp-content\/uploads\/2024\/12\/12-illuminations-de-noel-a-bayonne-2048x1370.jpg 2048w\" sizes=\"auto, (max-width: 2560px) 100vw, 2560px\" \/><\/a>\n\t\t\t<\/div>\n\t\t\t\t<figcaption class='wp-caption-text gallery-caption' id='gallery-1-17970'>\n\t\t\t\tIlluminations de No\u00ebl \u00e0 Bayonne \u2013 Guillaume Costes\n\t\t\t\t<\/figcaption><\/figure>\n\t\t<\/div>\n\n<p>&nbsp;<\/p>\n<p>&nbsp;<\/p>\n","protected":false},"excerpt":{"rendered":"<p>He aqu\u00ed la selecci\u00f3n de los 12 finalistas de la edici\u00f3n 2024 del concurso fotogr\u00e1fico eurorregional \u2018Instantes transfronterizos\u2019 que ilustrar\u00e1n el calendario anual publicado por la instituci\u00f3n. \u00a1Vota hasta el 6 de enero por tu foto favorita! (Votaci\u00f3n cerrada) &nbsp; &nbsp;<\/p>\n","protected":false},"author":23,"featured_media":16855,"parent":0,"menu_order":0,"comment_status":"closed","ping_status":"closed","template":"","meta":{"_acf_changed":false,"footnotes":""},"class_list":["post-17944","page","type-page","status-publish","has-post-thumbnail","hentry"],"acf":[],"_links":{"self":[{"href":"https:\/\/www.euroregion-naen.eu\/es\/wp-json\/wp\/v2\/pages\/17944","targetHints":{"allow":["GET"]}}],"collection":[{"href":"https:\/\/www.euroregion-naen.eu\/es\/wp-json\/wp\/v2\/pages"}],"about":[{"href":"https:\/\/www.euroregion-naen.eu\/es\/wp-json\/wp\/v2\/types\/page"}],"author":[{"embeddable":true,"href":"https:\/\/www.euroregion-naen.eu\/es\/wp-json\/wp\/v2\/users\/23"}],"replies":[{"embeddable":true,"href":"https:\/\/www.euroregion-naen.eu\/es\/wp-json\/wp\/v2\/comments?post=17944"}],"version-history":[{"count":0,"href":"https:\/\/www.euroregion-naen.eu\/es\/wp-json\/wp\/v2\/pages\/17944\/revisions"}],"wp:featuredmedia":[{"embeddable":true,"href":"https:\/\/www.euroregion-naen.eu\/es\/wp-json\/wp\/v2\/media\/16855"}],"wp:attachment":[{"href":"https:\/\/www.euroregion-naen.eu\/es\/wp-json\/wp\/v2\/media?parent=17944"}],"curies":[{"name":"wp","href":"https:\/\/api.w.org\/{rel}","templated":true}]}}