{"id":15769,"date":"2023-09-01T09:00:08","date_gmt":"2023-09-01T07:00:08","guid":{"rendered":"https:\/\/www.euroregion-naen.eu\/?page_id=15769"},"modified":"2026-01-22T10:13:03","modified_gmt":"2026-01-22T09:13:03","slug":"premio-biosalud-eurorregional","status":"publish","type":"page","link":"https:\/\/www.euroregion-naen.eu\/es\/premio-biosalud-eurorregional\/","title":{"rendered":"Premio \u00abBIOSALUD Eurorregional\u00bb"},"content":{"rendered":"<p>Como parte de su plan estrat\u00e9gico 2021-2027, la Eurorregi\u00f3n Nueva-Aquitania Euskadi Navarra tiene como objetivo apoyar, desde una perspectiva local y transfronteriza, el desarrollo competitivo y resiliente de la Eurorregi\u00f3n en el contexto de la revoluci\u00f3n digital y a trav\u00e9s de estrategias de especializaci\u00f3n inteligente.<\/p>\n<p>En este sentido, la Eurorregi\u00f3n impulsa desde 2016 los Encuentros de Bio-salud Nueva-Aquitania Euskadi Navarra. El objetivo de los Encuentros es promover proyectos transfronterizos en colaboraci\u00f3n entre industriales e investigadores de entidades p\u00fablicas y privadas del sector sanitario de los tres territorios de la Eurorregi\u00f3n. Para aprovechar al m\u00e1ximo estas iniciativas y promover la <strong>colaboraci\u00f3n transfronteriza<\/strong> entre empresas de esta industria, la Eurorregi\u00f3n lanza el<strong> premio \u00abBIOSALUD EUORREGIONAL\u00bb.<\/strong><\/p>\n<h2><strong>Premio BIOSALUD Eurorregional<br \/>\n<\/strong><\/h2>\n<p>Iniciado en 2023, el premio \u00abBIOSALUD Eurorregional\u00bb tiene como objetivo promover el desarrollo de las empresas del sector sanitario en la Eurorregi\u00f3n Nueva-Aquitania Euskadi Navarra. Los proyectos se evaluan principalmente en funci\u00f3n de su grado de innovaci\u00f3n, su potencial de crecimiento y su v\u00ednculo con la Eurorregi\u00f3n Nueva-Aquitania Euskadi Navarra.\u00a0 Esta iniciativa de apoyo a los actores de los tres territorios cuenta con un <strong>presupuesto de 6.000 euros.<\/strong><\/p>\n<p><strong>En a\u00f1os anteriores, los ganadores fueron:<\/strong><\/p>\n<ul>\n<li>2023: BREAD FREE en Biofarma y HEMOTIC en Tecnolog\u00edas de la Salud<\/li>\n<li>2024 : <span data-teams=\"true\">2024 : <a id=\"menur7ac\" class=\"fui-Link ___1q1shib f2hkw1w f3rmtva f1ewtqcl fyind8e f1k6fduh f1w7gpdv fk6fouc fjoy568 figsok6 f1s184ao f1mk8lai fnbmjn9 f1o700av f13mvf36 f1cmlufx f9n3di6 f1ids18y f1tx3yz7 f1deo86v f1eh06m1 f1iescvh fhgqx19 f1olyrje f1p93eir f1nev41a f1h8hb77 f1lqvz6u f10aw75t fsle3fq f17ae5zn\" title=\"https:\/\/miramoonpharma.com\/\" href=\"https:\/\/miramoonpharma.com\/\" target=\"_blank\" rel=\"noreferrer noopener\" aria-label=\"Lien MIRAMOON PHARMA\">MIRAMOON PHARMA<\/a> y\u00a0<a id=\"menur7ae\" class=\"fui-Link ___1q1shib f2hkw1w f3rmtva f1ewtqcl fyind8e f1k6fduh f1w7gpdv fk6fouc fjoy568 figsok6 f1s184ao f1mk8lai fnbmjn9 f1o700av f13mvf36 f1cmlufx f9n3di6 f1ids18y f1tx3yz7 f1deo86v f1eh06m1 f1iescvh fhgqx19 f1olyrje f1p93eir f1nev41a f1h8hb77 f1lqvz6u f10aw75t fsle3fq f17ae5zn\" title=\"https:\/\/www.situpmedical.com\/\" href=\"https:\/\/www.situpmedical.com\/\" target=\"_blank\" rel=\"noreferrer noopener\" aria-label=\"Lien SIT UP MEDICAL\">SIT UP MEDICAL<\/a>\u00a0<\/span><\/li>\n<\/ul>\n<h3>PREMIO \u00abBIOSALUD EURORREGIONAL\u00bb 2026<\/h3>\n<p>El premio de la edici\u00f3n 2026 se dividir\u00e1 en dos categor\u00edas: Biofarma y Tecnolog\u00edas de la Salud y se otorgar\u00e1 con motivo de los 10\u00ba Encuentros Bio-Salud Nueva-Aquitania Euskadi Navarra (10RNAEN) el 18 de marzo de 2026 en Bilbao. Los candidatos con sede en uno de los tres territorios de la Eurorregi\u00f3n (Nueva-Aquitania, Euskadi y Navarra) son elegibles.<\/p>\n<div class=\"row when_who_how\">\n<div class=\"col-md-4\">\n<h3><strong>\u00bfCu\u00e1ndo<\/strong>?<\/h3>\n<p><strong><em>Plazo<\/em>:<\/strong> del 28\/11\/2025 al 30\/01\/2026 a las 12h00<br \/>\n<strong><em>Pre-selecci\u00f3n :<\/em><\/strong> 18\/02\/2026<br \/>\n<strong><em>Sesi\u00f3n de pitching :<\/em><\/strong> 18\/03\/2026<br \/>\n<strong><em>Solicitud:<\/em> <\/strong>El periodo de candidatura est\u00e1 abierto<\/p>\n<\/div>\n<div class=\"col-md-4\">\n<h3><strong>\u00bfCu\u00e1nto &amp; d\u00f3nde<\/strong>?<\/h3>\n<div class=\"page\" title=\"Page 4\">\n<div class=\"section\">\n<div class=\"layoutArea\">\n<div class=\"column\">\n<p><strong><em>Premio ganador:<\/em><\/strong><br \/>\n3 000\u20ac por categor\u00eda &#8211; 6 000\u20ac en total<br \/>\n<strong><em>Localizaci\u00f3n:<\/em><\/strong><br \/>\n10\u00ba Encuentros Bio-Salud Nueva-Aquitania Euskadi Navarra (10RNAEN) en Bilbao<\/p>\n<\/div>\n<\/div>\n<\/div>\n<\/div>\n<\/div>\n<div class=\"col-md-4\">\n<h3>\u00bfPara <strong>qui\u00e9n <\/strong>?<\/h3>\n<div class=\"page\" title=\"Page 4\">\n<div class=\"section\">\n<div class=\"layoutArea\">\n<div class=\"column\">\n<p><strong><em>Socios: <\/em><\/strong><em>PYMES <\/em><em>con domicilio social y\/o fiscal en Nueva-Aquitania, Euskadi o Navarra<\/em><br \/>\n<strong><em>Sectores:\u00a0<\/em><\/strong>Biofarma (farmac\u00e9utica, biotecnolog\u00eda, dermatolog\u00eda, cosm\u00e9tica&#8230;) y Tecnolog\u00edas sanitarias (dispositivos m\u00e9dicos, e-health, diagn\u00f3stico in vitro&#8230;),<br \/>\n<strong><em>Solicitudes elegibles:<\/em><\/strong><em>las PYME m\u00e1s innovadoras y prometedoras de la Eurorregi\u00f3n<\/em><\/p>\n<\/div>\n<\/div>\n<p>&nbsp;<\/p>\n<div class=\"column\"><\/div>\n<\/div>\n<\/div>\n<\/div>\n<\/div>\n<div class=\"buttons row no-gutters\" style=\"text-align: center;\">\n<div><\/div>\n<div>\n<table width=\"798\">\n<tbody>\n<tr>\n<td width=\"360\"><a class=\"btn btn-green\" href=\"https:\/\/www.euroregion-naen.eu\/wp-content\/uploads\/2019\/12\/PRIX-10RNAEN_Web.zip\" target=\"_blank\" rel=\"noopener\">Descargar los documentos 2026<\/a><\/td>\n<td width=\"35\"><\/td>\n<td width=\"360\"><a class=\"btn btn-green\" href=\"https:\/\/www.euroregion-naen.eu\/es\/presentar-mi-candidatura-al-premio-eurorregional-de-bio-salud\/\" target=\"_blank\" rel=\"noopener\">Solicitar<\/a><\/td>\n<td width=\"35\"><\/td>\n<\/tr>\n<\/tbody>\n<\/table>\n<p>&nbsp;<\/p>\n<\/div>\n<div><\/div>\n<\/div>\n","protected":false},"excerpt":{"rendered":"<p>Como parte de su plan estrat\u00e9gico 2021-2027, la Eurorregi\u00f3n Nueva-Aquitania Euskadi Navarra tiene como objetivo apoyar, desde una perspectiva local y transfronteriza, el desarrollo competitivo y resiliente de la Eurorregi\u00f3n en el contexto de la revoluci\u00f3n digital y a trav\u00e9s de estrategias de especializaci\u00f3n inteligente. En este sentido, la Eurorregi\u00f3n impulsa desde 2016 los Encuentros [&hellip;]<\/p>\n","protected":false},"author":15,"featured_media":17665,"parent":0,"menu_order":0,"comment_status":"closed","ping_status":"closed","template":"","meta":{"_acf_changed":false,"footnotes":""},"class_list":["post-15769","page","type-page","status-publish","has-post-thumbnail","hentry"],"acf":[],"_links":{"self":[{"href":"https:\/\/www.euroregion-naen.eu\/es\/wp-json\/wp\/v2\/pages\/15769","targetHints":{"allow":["GET"]}}],"collection":[{"href":"https:\/\/www.euroregion-naen.eu\/es\/wp-json\/wp\/v2\/pages"}],"about":[{"href":"https:\/\/www.euroregion-naen.eu\/es\/wp-json\/wp\/v2\/types\/page"}],"author":[{"embeddable":true,"href":"https:\/\/www.euroregion-naen.eu\/es\/wp-json\/wp\/v2\/users\/15"}],"replies":[{"embeddable":true,"href":"https:\/\/www.euroregion-naen.eu\/es\/wp-json\/wp\/v2\/comments?post=15769"}],"version-history":[{"count":0,"href":"https:\/\/www.euroregion-naen.eu\/es\/wp-json\/wp\/v2\/pages\/15769\/revisions"}],"wp:featuredmedia":[{"embeddable":true,"href":"https:\/\/www.euroregion-naen.eu\/es\/wp-json\/wp\/v2\/media\/17665"}],"wp:attachment":[{"href":"https:\/\/www.euroregion-naen.eu\/es\/wp-json\/wp\/v2\/media?parent=15769"}],"curies":[{"name":"wp","href":"https:\/\/api.w.org\/{rel}","templated":true}]}}