{"id":14755,"date":"2022-05-24T18:28:05","date_gmt":"2022-05-24T16:28:05","guid":{"rendered":"https:\/\/www.euroregion-naen.eu\/?page_id=14755"},"modified":"2026-02-13T18:44:38","modified_gmt":"2026-02-13T17:44:38","slug":"rejoignez-nous","status":"publish","type":"page","link":"https:\/\/www.euroregion-naen.eu\/es\/rejoignez-nous\/","title":{"rendered":"\u00a1\u00danete a nuestro equipo!"},"content":{"rendered":"<h2><strong>Ofertas de empleo<\/strong><\/h2>\n<h3>Gestor\u00b7a de proyectos &#8211; Eje 2<\/h3>\n<p><strong><em>Candidatura<\/em>: <\/strong>hasta el 30 de marzo 2026 a las 12:00<br \/>\n<strong><em>Modo de contrataci\u00f3n:<\/em><\/strong> Contrataci\u00f3n tras proceso de selecci\u00f3n a tenor del marco laboral de la administraci\u00f3n territorial.<br \/>\n<strong><em>Condiciones:<\/em> <\/strong>tiempo completo basado en Hendaya<br \/>\n<strong><em>Nivel de estudios:<\/em><\/strong> T\u00edtulo universitario de formaci\u00f3n superior (Ciencias pol\u00edticas, Derecho p\u00fablico o europeo; Ciencias econ\u00f3micas; Pol\u00edticas P\u00fablicas, Sociolog\u00eda etc.).<br \/>\n<strong><em>Idiomas : <\/em><\/strong>Dominio del franc\u00e9s y el espa\u00f1ol: nivel m\u00ednimo requerido: B2<br \/>\n<strong><em>Marco estatutario <\/em>: <\/strong>categor\u00eda A, sector Administrativo, grado de adjunto territorial<br \/>\n<strong><em>M\u00e1s info:<\/em> <\/strong>la ficha del puesto esta <a href=\"https:\/\/www.euroregion-naen.eu\/wp-content\/uploads\/2019\/12\/Ficha-Puesto-Eje-2.pdf\" target=\"_blank\" rel=\"noopener\">disponible aqu\u00ed<\/a><br \/>\n<em><strong>Expediente :<\/strong> <\/em>carta de motivaci\u00f3n y curr\u00edculum v\u00edtae en franc\u00e9s y en castellano, Documento acreditativo estar en posesi\u00f3n de la titulaci\u00f3n universitaria requerida para el acceso al puesto de trabajo, documentaci\u00f3n que acredite (en su caso) los estudios especializados cursados en el \u00e1mbito europeo y en gesti\u00f3n de proyectos europeos, que deber\u00e1n enviarse a <a href=\"mailto:direction@euroregion-naen.eu\">direction@euroregion-naen.eu<\/a>.<\/p>\n<h2><strong>Ofertas de pr\u00e1cticas\/formaci\u00f3n dual<br \/>\n<\/strong><\/h2>\n<h3>Comunicaci\u00f3n<\/h3>\n<p><strong><em>Candidatura<\/em>: <\/strong>a lo largo del a\u00f1o<br \/>\n<strong><em>Duraci\u00f3n:<\/em><\/strong> de 3 a 6 meses<br \/>\n<strong><em>Condiciones:<\/em> <\/strong>tiempo completo (35h) basado en Hendaya<br \/>\n<strong><em>Nivel de estudios:<\/em><\/strong> ciclo superior, grado, master<br \/>\n<strong><em>Gratificaci\u00f3n<\/em>: <\/strong>de 600 \u00e0 1000\u20ac<br \/>\n<strong><em>M\u00e1s info:<\/em> <\/strong>la ficha del puesto esta <a href=\"https:\/\/www.euroregion-naen.eu\/wp-content\/uploads\/2019\/12\/COMMUNICATION-ESP-1.pdf\" target=\"_blank\" rel=\"noopener\">disponible aqu\u00ed<\/a><br \/>\n<em><strong>Expediente :<\/strong> <\/em>carta de motivaci\u00f3n y curr\u00edculum v\u00edtae en franc\u00e9s y en castellano, que deber\u00e1n enviarse a <a href=\"mailto:contact@euroregion-naen.eu\">contact@euroregion-naen.eu<\/a>.<\/p>\n<h3>Gesti\u00f3n de proyectos<\/h3>\n<p><strong><em>Candidatura<\/em>: <\/strong>a lo largo del a\u00f1o<br \/>\n<strong><em>Duraci\u00f3n: <\/em><\/strong>de 3 a 6 meses<br \/>\n<strong><em>Condiciones:<\/em> <\/strong>tiempo completo (35h) basado en Hendaya<br \/>\n<strong><em>Niveau d&#8217;\u00e9tudes:<\/em><\/strong> grado, master<br \/>\n<strong><em>Gratificaci\u00f3n<\/em>: <\/strong>de 600 \u00e0 1000\u20ac<br \/>\n<strong><em>M\u00e1s info:<\/em> \u00a0<\/strong>la ficha del puesto esta <a href=\"https:\/\/www.euroregion-naen.eu\/wp-content\/uploads\/2019\/12\/GESTION-DE-PROJET-ESP-2.pdf\" target=\"_blank\" rel=\"noopener\">disponible aqu\u00ed<\/a><br \/>\n<em><strong>Expediente :<\/strong> <\/em>carta de motivaci\u00f3n y curr\u00edculum v\u00edtae en franc\u00e9s y en castellano, que deber\u00e1n enviarse a <a href=\"mailto:contact@euroregion-naen.eu\">contact@euroregion-naen.eu<\/a>.<\/p>\n<h3>Asistente financiero<\/h3>\n<p><strong><em>Candidatura<\/em>: <\/strong>a lo largo del a\u00f1o<br \/>\n<strong><em>Duraci\u00f3n:<\/em><\/strong> \u00a0de 2 a 6 meses<br \/>\n<strong><em>Condiciones:<\/em> <\/strong>tiempo completo (35h) basado en Hendaya<br \/>\n<strong><em>Nivel de estudios:<\/em><\/strong> ciclo superior, grado, master<br \/>\n<strong><em>Gratificaci\u00f3n<\/em>: <\/strong>de 600 \u00e0 1000\u20ac<br \/>\n<strong><em>M\u00e1s info:<\/em> <\/strong>la ficha del puesto esta <a href=\"https:\/\/www.euroregion-naen.eu\/wp-content\/uploads\/2019\/12\/ADMINISTRACION-FINANZAS-ESP-2.pdf\" target=\"_blank\" rel=\"noopener\">disponible aqu\u00ed<\/a><br \/>\n<em><strong>Expediente :<\/strong> <\/em>carta de motivaci\u00f3n y curr\u00edculum v\u00edtae en franc\u00e9s y en castellano, que deber\u00e1n enviarse a <a href=\"mailto:contact@euroregion-naen.eu\">contact@euroregion-naen.eu<\/a>.<\/p>\n<p>&nbsp;<\/p>\n","protected":false},"excerpt":{"rendered":"<p>Ofertas de empleo Gestor\u00b7a de proyectos &#8211; Eje 2 Candidatura: hasta el 30 de marzo 2026 a las 12:00 Modo de contrataci\u00f3n: Contrataci\u00f3n tras proceso de selecci\u00f3n a tenor del marco laboral de la administraci\u00f3n territorial. Condiciones: tiempo completo basado en Hendaya Nivel de estudios: T\u00edtulo universitario de formaci\u00f3n superior (Ciencias pol\u00edticas, Derecho p\u00fablico o [&hellip;]<\/p>\n","protected":false},"author":15,"featured_media":1679,"parent":0,"menu_order":0,"comment_status":"closed","ping_status":"closed","template":"","meta":{"_acf_changed":false,"footnotes":""},"class_list":["post-14755","page","type-page","status-publish","has-post-thumbnail","hentry"],"acf":[],"_links":{"self":[{"href":"https:\/\/www.euroregion-naen.eu\/es\/wp-json\/wp\/v2\/pages\/14755","targetHints":{"allow":["GET"]}}],"collection":[{"href":"https:\/\/www.euroregion-naen.eu\/es\/wp-json\/wp\/v2\/pages"}],"about":[{"href":"https:\/\/www.euroregion-naen.eu\/es\/wp-json\/wp\/v2\/types\/page"}],"author":[{"embeddable":true,"href":"https:\/\/www.euroregion-naen.eu\/es\/wp-json\/wp\/v2\/users\/15"}],"replies":[{"embeddable":true,"href":"https:\/\/www.euroregion-naen.eu\/es\/wp-json\/wp\/v2\/comments?post=14755"}],"version-history":[{"count":0,"href":"https:\/\/www.euroregion-naen.eu\/es\/wp-json\/wp\/v2\/pages\/14755\/revisions"}],"wp:featuredmedia":[{"embeddable":true,"href":"https:\/\/www.euroregion-naen.eu\/es\/wp-json\/wp\/v2\/media\/1679"}],"wp:attachment":[{"href":"https:\/\/www.euroregion-naen.eu\/es\/wp-json\/wp\/v2\/media?parent=14755"}],"curies":[{"name":"wp","href":"https:\/\/api.w.org\/{rel}","templated":true}]}}