{"id":13375,"date":"2021-10-11T11:31:21","date_gmt":"2021-10-11T09:31:21","guid":{"rendered":"https:\/\/www.euroregion-naen.eu\/?page_id=13375"},"modified":"2021-11-03T12:49:12","modified_gmt":"2021-11-03T11:49:12","slug":"competplus","status":"publish","type":"page","link":"https:\/\/www.euroregion-naen.eu\/es\/proyectos\/nuestros-dispositivos\/competplus\/","title":{"rendered":"COMPET&#8217;plus"},"content":{"rendered":"<p>El proyecto Compet\u00b4plus, que da continuidad al proyecto POCTEFA\u00a0<a href=\"http:\/\/www.competitiveko.eu\/es\/\" target=\"_blank\" rel=\"noopener noreferrer\">Competitiv\u2019eko<\/a>, nace del anhelo de contribuir a que Europa se convierta en una econom\u00eda inteligente, sostenible e integradora. Estas tres prioridades se refuerzan mutuamente y deber\u00edan contribuir a que la UE y los Estados miembros logren altos niveles de empleo, productividad y cohesi\u00f3n social.<\/p>\n<p>En este contexto, el proyecto COMPET\u2019plus \u00ab Competitividad empresarial &amp; Plataformas de innovaci\u00f3n para la relocalizaci\u00f3n de actividades en el espacio transfronterizo, la creaci\u00f3n de cadenas de valor reforzadas y la cooperaci\u00f3n entre Pymes y empresas tractoras\u00bb \u2013 un proyecto europeo seleccionado y cofinanciado al 65% por el Fondo Europeo de Desarrollo Regional (FEDER) a trav\u00e9s del Programa Interreg V-A Espa\u00f1a-Francia-Andorra (<a href=\"https:\/\/www.poctefa.eu\/\">POCTEFA 2014-2020<\/a><a href=\"https:\/\/ec.europa.eu\/regional_policy\/es\/\" target=\"_blank\" rel=\"noopener\"> &#8211; DG REGIO<\/a>) con un presupuesto de 862 895 \u20ac impuestos incluidos \u2013 tiene por objeto<strong>\u00a0impulsar la competitividad emprendedora y la innovaci\u00f3n de las PYMES<\/strong>\u00a0midiendo los flujos econ\u00f3micos transfronterizos entre los 3 territorios implicados,\u00a0<strong>identificando las PYMES punteras, las start-ups, y los centros tecnol\u00f3gicos con fuerte valor a\u00f1adido en 4 \u00e1mbitos<\/strong>\u00a0S3 convergentes:<\/p>\n<ul>\n<li>Energ\u00eda<\/li>\n<li>Movilidad<\/li>\n<li>Agroalimentario<\/li>\n<li>ICC<\/li>\n<\/ul>\n<p>El objetivo del POCTEFA es reforzar la integraci\u00f3n econ\u00f3mica y social de la zona fronteriza Espa\u00f1a-Francia-Andorra. Su ayuda se concentra en el desarrollo de actividades econ\u00f3micas, sociales y medioambientales transfronterizas a trav\u00e9s de estrategias conjuntas a favor del desarrollo territorial sostenible.<\/p>\n<p><strong>Objetivos<\/strong>:<\/p>\n<p>El objetivo de COMPET\u2019plus es\u00a0<em class=\"animated\">crear 2 plataformas de innovaci\u00f3n<\/em>\u00a0que promover\u00e1n el trabajo colaborativo entre las empresas tractoras y l\u00edderes y las empresas proveedoras (pymes y empresas locales) con el fin de generar una oferta tecnol\u00f3gica conjunta. Esto dar\u00e1 lugar a acuerdos de investigaci\u00f3n para desarrollar productos comercializables.<\/p>\n<p>Aparte del objetivo general, COMPET\u2019plus cuenta con otros\u00a0<strong>objetivos espec\u00edficos<\/strong>:<\/p>\n<ul>\n<li>An\u00e1lisis de los flujos econ\u00f3micos transfronterizos en sectores convergentes de las RIS3<\/li>\n<li>Dise\u00f1o de cadenas de valor transfronterizas<\/li>\n<li>Identificaci\u00f3n de los eslabones innovadores deficitarios y trabajar con los actores econ\u00f3micos para completar las actividades estrat\u00e9gicas<\/li>\n<li>Identificaci\u00f3n de oportunidades de innovaci\u00f3n y de negocio<\/li>\n<li>Identificaci\u00f3n de perfiles de empleo necesarios para cubrir las actividades estrat\u00e9gicas identificadas<\/li>\n<\/ul>\n<p><img loading=\"lazy\" decoding=\"async\" class=\"aligncenter size-full wp-image-13355\" src=\"https:\/\/www.euroregion-naen.eu\/wp-content\/uploads\/2021\/10\/intereg.jpg\" alt=\"\" width=\"1878\" height=\"660\" srcset=\"https:\/\/www.euroregion-naen.eu\/wp-content\/uploads\/2021\/10\/intereg.jpg 1878w, https:\/\/www.euroregion-naen.eu\/wp-content\/uploads\/2021\/10\/intereg-300x105.jpg 300w, https:\/\/www.euroregion-naen.eu\/wp-content\/uploads\/2021\/10\/intereg-1024x360.jpg 1024w, https:\/\/www.euroregion-naen.eu\/wp-content\/uploads\/2021\/10\/intereg-768x270.jpg 768w, https:\/\/www.euroregion-naen.eu\/wp-content\/uploads\/2021\/10\/intereg-1536x540.jpg 1536w\" sizes=\"auto, (max-width: 1878px) 100vw, 1878px\" \/><\/p>\n","protected":false},"excerpt":{"rendered":"<p>El proyecto Compet\u00b4plus, que da continuidad al proyecto POCTEFA\u00a0Competitiv\u2019eko, nace del anhelo de contribuir a que Europa se convierta en una econom\u00eda inteligente, sostenible e integradora. Estas tres prioridades se refuerzan mutuamente y deber\u00edan contribuir a que la UE y los Estados miembros logren altos niveles de empleo, productividad y cohesi\u00f3n social. En este contexto, [&hellip;]<\/p>\n","protected":false},"author":15,"featured_media":13374,"parent":2665,"menu_order":5,"comment_status":"closed","ping_status":"closed","template":"","meta":{"_acf_changed":false,"footnotes":""},"class_list":["post-13375","page","type-page","status-publish","has-post-thumbnail","hentry"],"acf":[],"_links":{"self":[{"href":"https:\/\/www.euroregion-naen.eu\/es\/wp-json\/wp\/v2\/pages\/13375","targetHints":{"allow":["GET"]}}],"collection":[{"href":"https:\/\/www.euroregion-naen.eu\/es\/wp-json\/wp\/v2\/pages"}],"about":[{"href":"https:\/\/www.euroregion-naen.eu\/es\/wp-json\/wp\/v2\/types\/page"}],"author":[{"embeddable":true,"href":"https:\/\/www.euroregion-naen.eu\/es\/wp-json\/wp\/v2\/users\/15"}],"replies":[{"embeddable":true,"href":"https:\/\/www.euroregion-naen.eu\/es\/wp-json\/wp\/v2\/comments?post=13375"}],"version-history":[{"count":0,"href":"https:\/\/www.euroregion-naen.eu\/es\/wp-json\/wp\/v2\/pages\/13375\/revisions"}],"up":[{"embeddable":true,"href":"https:\/\/www.euroregion-naen.eu\/es\/wp-json\/wp\/v2\/pages\/2665"}],"wp:featuredmedia":[{"embeddable":true,"href":"https:\/\/www.euroregion-naen.eu\/es\/wp-json\/wp\/v2\/media\/13374"}],"wp:attachment":[{"href":"https:\/\/www.euroregion-naen.eu\/es\/wp-json\/wp\/v2\/media?parent=13375"}],"curies":[{"name":"wp","href":"https:\/\/api.w.org\/{rel}","templated":true}]}}